{"id":28,"date":"2025-04-29T14:28:15","date_gmt":"2025-04-29T12:28:15","guid":{"rendered":"https:\/\/www.calogena.com\/se\/?page_id=28"},"modified":"2025-09-16T18:43:07","modified_gmt":"2025-09-16T16:43:07","slug":"var-marknad-och-vara-utmaningar","status":"publish","type":"page","link":"https:\/\/www.calogena.com\/se\/var-marknad-och-vara-utmaningar\/","title":{"rendered":"V\u00e5r ambition"},"content":{"rendered":"<section class=\"block-hero-edito\">\n  <div class=\"headlines container\">\n            <div class=\"container\">\n    <div class=\"row\">\n      <div class=\"col-12 px-25 px-md-35\">\n        <nav class=\"breadcrumb\" vocab=\"https:\/\/schema.org\/\" typeof=\"BreadcrumbList\">\n          <!-- Breadcrumb NavXT 7.4.1 -->\n<span property=\"itemListElement\" typeof=\"ListItem\"><a property=\"item\" typeof=\"WebPage\" title=\"G\u00e5 till Calogena.\" href=\"https:\/\/www.calogena.com\/se\" class=\"home\" ><span property=\"name\">Calogena<\/span><\/a><meta property=\"position\" content=\"1\"><\/span><span property=\"itemListElement\" typeof=\"ListItem\"><a property=\"item\" typeof=\"WebPage\" title=\"G\u00e5 till Pressmeddelanden.\" href=\"https:\/\/www.calogena.com\/se\/pressmeddelanden\/\" class=\"post-root post post-post\" aria-current=\"page\"><span property=\"name\">Pressmeddelanden<\/span><\/a><meta property=\"position\" content=\"2\"><\/span>\n        <\/nav>\n      <\/div>\n    <\/div>\n  <\/div>\n        <div class=\"row\">\n      <div class=\"col-12 p-25 p-md-35\">\n        <h1 class=\"title\">\n            <span class=\"text\">\n    V\u00e5r ambition\n  <\/span>\n            <span class=\"text subtitle\">\n    ATT AVKARBONISERA FJ\u00c4RRV\u00c4RMEN\u00c4TEN: EN STOR UTMANING\n  <\/span>\n        <\/h1>\n\n      <\/div>\n    <\/div>\n  <\/div>\n<\/section>\n\n\n\n\n\n                \n  <section class=\"block-citation-texte \">\n    <div class=\"container\">\n      <div class=\"row row-separator \">\n\n        <div class=\"col-12 col-lg-5 align-self-center order-1\">\n          <div class=\"px-25 px-md-35\" data-aos=\"fade-down\">\n                <div class=\"field-image mb-25 col-image\">\n    <figure class=\"field-image--figure\">\n      <img loading=\"lazy\" decoding=\"async\" src=\"https:\/\/www.calogena.com\/se\/wp-content\/uploads\/sites\/4\/2025\/09\/admin-ajax-1.webp\" \n        class=\"img-fluid field-image--img\"\n         alt=\"Ic\u00f4ne d'illustration\"         title=\"depositphotos_6615213-stock-photo-industrial-air-pollution\"         width=\"600\"         height=\"400\"         srcset=\"\"\t\t\n         sizes=\"auto, (max-width: 600px) 100vw, 600px\"      \/>\n    \t\n    <\/figure>    \n  <\/div>\n\n            <figure >\n                <blockquote class=\"text m-0 text-primary blockquote\">\n    <p>Idag beror 93 % av v\u00e4rmeproduktionen i fj\u00e4rrv\u00e4rmen\u00e4ten p\u00e5 f\u00f6rbr\u00e4nning.<\/p>\n\n  <\/blockquote>\n\n                          <\/figure>\n          <\/div>        \n        <\/div>\n\n      <div class=\"col-12 col-lg-7 align-self-center  order-2\">\n          <div class=\"px-25 px-md-35 pb-30 py-lg-30\" data-aos=\"fade-up\">\n\n                <div class=\"field-image \">\n    <figure class=\"field-image--figure\">\n      <img loading=\"lazy\" decoding=\"async\" src=\"https:\/\/www.calogena.com\/se\/wp-content\/themes\/calogena\/img\/icons\/black-points.svg\" \n        class=\"img-fluid field-image--img\"\n         alt=\"Ic\u00f4ne d'illustration\"                 width=\"42\"         height=\"51\"        \t\t\n         sizes=\"auto, (max-width: 42px) 100vw, 42px\"      \/>\n    \t\n    <\/figure>    \n  <\/div>\n              <h2 class=\"text titre-xxxl-cap pt-15 m-0\">\n    L\u00c5GTEMPERATURUPPV\u00c4RMNING, EN ENERGI- OCH KOLDIOXIDINTENSIV SEKTOR\n  <\/h2>\n                          <div class=\"text texte-contenu pt-15 post-content-wysiwyg\">\n    <p>V\u00e4rme st\u00e5r f\u00f6r 40 % av energif\u00f6rbrukningen i Europa. N\u00e4stan 70 % av detta produceras av fossila br\u00e4nslen, s\u00e4rskilt gas, kol och olja.<\/p>\n<p>\u00c4nd\u00e5 \u00e4r 80 % av denna v\u00e4rme f\u00f6r varmvatten och uppv\u00e4rmning som kr\u00e4ver vatten vid 100 \u00b0C. F\u00f6rutom att minska f\u00f6rbrukningen \u00e4r de tv\u00e5 stora l\u00f6sningarna f\u00f6r omst\u00e4llningen v\u00e4rmepumpar och fj\u00e4rrv\u00e4rmen\u00e4t.<\/p>\n<p>Calogena f\u00f6resl\u00e5r att bidra till att uppn\u00e5 m\u00e5len att minska v\u00e4xhusgasutsl\u00e4ppen i Europa, som de definieras i Heat Roadmap Europe.<\/p>\n\n  <\/div>\n            \n          <\/div>\n        <\/div>\n\n\n      <\/div>\n    <\/div>\n  <\/section>\n\n\n\n\n  <section class=\"block-picto-arguments\">\n    <div class=\"container\">\n\n      <div class=\"px-25 px-md-35\">\n        <div class=\"row\">\n          <div class=\"col-12\">\n    \n                  <div class=\"field-image \">\n    <figure class=\"field-image--figure\">\n      <img loading=\"lazy\" decoding=\"async\" src=\"https:\/\/www.calogena.com\/se\/wp-content\/themes\/calogena\/img\/icons\/black-points.svg\" \n        class=\"img-fluid field-image--img\"\n         alt=\"Ic\u00f4ne d'illustration\"                 width=\"42\"         height=\"51\"        \t\t\n         sizes=\"auto, (max-width: 42px) 100vw, 42px\"      \/>\n    \t\n    <\/figure>    \n  <\/div>\n              \n                <h2 class=\"text title\">\n    V\u00e5r ambition\n  <\/h2>\n\n          <\/div>\n        <\/div>\n      <\/div>\n      \n\n              <div class=\"px-10 px-md-20\">\n          <div class=\"row justify-content-center \">\n                                      <div class=\"col-12 col-sm-12 col-md-6 col-lg-4 col-xl-3 p-15\" data-aos=\"fade-right\" data-aos-delay=\"0\" data-aos-once=\"true\">\n                <div class=\"row h-100\">   \n\n                    <div class=\"col-12 col-image d-flex justify-content-center align-items-center\">\n\n                      \n                                                <div class=\"text text-before-image\">\n    40%\n  <\/div>\n                                            \n                                                  <div class=\"field-image\">\n    <figure class=\"field-image--figure\">\n      <img loading=\"lazy\" decoding=\"async\" src=\"https:\/\/www.calogena.com\/se\/wp-content\/uploads\/sites\/4\/2025\/09\/picto-chaleur.png\" \n        class=\"img-fluid field-image--img\"\n         alt=\"Ic\u00f4ne d'illustration\"         title=\"picto-chaleur\"         width=\"71\"         height=\"59\"         srcset=\"\"\t\t\n         sizes=\"auto, (max-width: 71px) 100vw, 71px\"      \/>\n    \t\n    <\/figure>    \n  <\/div>\n                                        \n\n                                        \n\n                    <\/div>\n                    <div class=\"col-12 col-text mt-auto\"> \n\n                                                <div class=\"text text-after-image\">\n    <p>Den energi som f\u00f6rbrukas \u00e4r v\u00e4rme<\/p>\n\n  <\/div>\n                        \n\n                      <div class=\"title pb-15\">\n                          <h3 class=\"text title\">\n    Avkarbonisera v\u00e4rmen\n  <\/h3>\n                           \n                      <\/div>\n\n                      \n                    <\/div>\n            \n\n                <\/div>\n              <\/div>\n                                        <div class=\"col-12 col-sm-12 col-md-6 col-lg-4 col-xl-3 p-15\" data-aos=\"fade-right\" data-aos-delay=\"500\" data-aos-once=\"true\">\n                <div class=\"row h-100\">   \n\n                    <div class=\"col-12 col-image d-flex justify-content-center align-items-center\">\n\n                      \n                                                <div class=\"text text-before-image\">\n    80%\n  <\/div>\n                                            \n                                                  <div class=\"field-image\">\n    <figure class=\"field-image--figure\">\n      <img loading=\"lazy\" decoding=\"async\" src=\"https:\/\/www.calogena.com\/se\/wp-content\/uploads\/sites\/4\/2025\/09\/un-besoin-essentiel.png\" \n        class=\"img-fluid field-image--img\"\n         alt=\"Ic\u00f4ne d'illustration\"         title=\"un-besoin-essentiel\"         width=\"49\"         height=\"60\"         srcset=\"\"\t\t\n         sizes=\"auto, (max-width: 49px) 100vw, 49px\"      \/>\n    \t\n    <\/figure>    \n  <\/div>\n                                        \n\n                                        \n\n                    <\/div>\n                    <div class=\"col-12 col-text mt-auto\"> \n\n                                                <div class=\"text text-after-image\">\n    <p>Denna v\u00e4rme anv\u00e4nds f\u00f6r uppv\u00e4rmning och varmvatten<\/p>\n\n  <\/div>\n                        \n\n                      <div class=\"title pb-15\">\n                          <h3 class=\"text title\">\n    Ett grundl\u00e4ggande behov\n  <\/h3>\n                           \n                      <\/div>\n\n                      \n                    <\/div>\n            \n\n                <\/div>\n              <\/div>\n                                        <div class=\"col-12 col-sm-12 col-md-6 col-lg-4 col-xl-3 p-15\" data-aos=\"fade-right\" data-aos-delay=\"1000\" data-aos-once=\"true\">\n                <div class=\"row h-100\">   \n\n                    <div class=\"col-12 col-image d-flex justify-content-center align-items-center\">\n\n                      \n                                                <div class=\"text text-before-image\">\n    x 2\n  <\/div>\n                                            \n                                                  <div class=\"field-image\">\n    <figure class=\"field-image--figure\">\n      <img loading=\"lazy\" decoding=\"async\" src=\"https:\/\/www.calogena.com\/se\/wp-content\/uploads\/sites\/4\/2025\/09\/immeuble.png\" \n        class=\"img-fluid field-image--img\"\n         alt=\"Ic\u00f4ne d'illustration\"         title=\"immeuble\"         width=\"77\"         height=\"68\"         srcset=\"\"\t\t\n         sizes=\"auto, (max-width: 77px) 100vw, 77px\"      \/>\n    \t\n    <\/figure>    \n  <\/div>\n                                        \n\n                                        \n\n                    <\/div>\n                    <div class=\"col-12 col-text mt-auto\"> \n\n                                                <div class=\"text text-after-image\">\n    <p>Fj\u00e4rrv\u00e4rmen\u00e4ten kommer att f\u00f6rdubblas f\u00f6r att m\u00f6ta detta behov<\/p>\n\n  <\/div>\n                        \n\n                      <div class=\"title pb-15\">\n                          <h3 class=\"text title\">\n    Massa behovet\n  <\/h3>\n                           \n                      <\/div>\n\n                      \n                    <\/div>\n            \n\n                <\/div>\n              <\/div>\n                                        <div class=\"col-12 col-sm-12 col-md-6 col-lg-4 col-xl-3 p-15\" data-aos=\"fade-right\" data-aos-delay=\"1500\" data-aos-once=\"true\">\n                <div class=\"row h-100\">   \n\n                    <div class=\"col-12 col-image d-flex justify-content-center align-items-center\">\n\n                      \n                                                <div class=\"text text-before-image\">\n    &lt; 100\u00b0 C\n  <\/div>\n                                            \n                                                  <div class=\"field-image\">\n    <figure class=\"field-image--figure\">\n      <img loading=\"lazy\" decoding=\"async\" src=\"https:\/\/www.calogena.com\/se\/wp-content\/uploads\/sites\/4\/2025\/09\/atome.png\" \n        class=\"img-fluid field-image--img\"\n         alt=\"Ic\u00f4ne d'illustration\"         title=\"atome\"         width=\"57\"         height=\"60\"         srcset=\"\"\t\t\n         sizes=\"auto, (max-width: 57px) 100vw, 57px\"      \/>\n    \t\n    <\/figure>    \n  <\/div>\n                                        \n\n                                        \n\n                    <\/div>\n                    <div class=\"col-12 col-text mt-auto\"> \n\n                                                <div class=\"text text-after-image\">\n    <p>Den enklaste k\u00e4rnkraften r\u00e4cker f\u00f6r detta behov<\/p>\n\n  <\/div>\n                        \n\n                      <div class=\"title pb-15\">\n                          <h3 class=\"text title\">\n    En mogen l\u00f6sning\n  <\/h3>\n                           \n                      <\/div>\n\n                      \n                    <\/div>\n            \n\n                <\/div>\n              <\/div>\n                                    <\/div>\n        <\/div>\n      \n    \n    <\/div>\n  <\/section>\n\n\n\n    \n  \n  <section class=\"block-text-image-video\" style=\"background-color:#ffffff;\">\n    <div class=\"container\">\n      <div class=\"row\">\n\n        <div class=\"col-12 col-lg-5 align-self-center order-1 order-lg-1\">\n          <div class=\"col-text px-25 px-md-35\" data-aos=\"fade-up\" data-aos-once=\"true\">\n                <div class=\"field-image \">\n    <figure class=\"field-image--figure\">\n      <img loading=\"lazy\" decoding=\"async\" src=\"https:\/\/www.calogena.com\/se\/wp-content\/themes\/calogena\/img\/icons\/black-points.svg\" \n        class=\"img-fluid field-image--img\"\n         alt=\"Ic\u00f4ne d'illustration\"                 width=\"42\"         height=\"51\"        \t\t\n         sizes=\"auto, (max-width: 42px) 100vw, 42px\"      \/>\n    \t\n    <\/figure>    \n  <\/div>\n              <h2 class=\"text titre-xxxl-cap pt-15 m-0 animated-text\">\n    EUROPEISK FJ\u00c4RRV\u00c4RMEN\u00c4TSKAPACITETET B\u00d6R MER \u00c4N DUBBLAS TILL 2050\n  <\/h2>\n\n                          <div class=\"text texte-contenu pt-15 post-content-wysiwyg\">\n    <p>Utvecklingen av fj\u00e4rrv\u00e4rmen\u00e4t utg\u00f6r en stor m\u00f6jlighet att avkarbonisera v\u00e4rmeproduktionen: d\u00e4r t\u00e4tbebyggelse f\u00f6religger \u00e4r fj\u00e4rrv\u00e4rmen\u00e4t det mest effektiva s\u00e4ttet att fasa ut anv\u00e4ndningen av fossila br\u00e4nslen f\u00f6r l\u00e5gtemperaturv\u00e4rme.<\/p>\n<p>60 % av fj\u00e4rrv\u00e4rmen i Europa \u00e4r fortfarande baserad p\u00e5 fossila br\u00e4nslen och 95 % p\u00e5 f\u00f6rbr\u00e4nning. Om vi ska lyckas med v\u00e5ra planer p\u00e5 avkarbonisera v\u00e4rmeproduktionen till 2050 m\u00e5ste andelen fj\u00e4rrv\u00e4rme \u00f6ka betydligt. <a href=\"https:\/\/heatroadmap.eu\/\">Heat Roadmap Europe<\/a> f\u00f6rutsp\u00e5r en betydande \u00f6kning av detta bidrag, fr\u00e5n 13 % till \u00f6ver 45 % 2050.<\/p>\n\n  <\/div>\n                      <\/div>\n        <\/div>\n\n        <div class=\"col-12 col-lg-7 order-2 order-lg-2\">\n          <div class=\"col-medias px-25 px-md-35 pt-30 py-lg-30\" >\n                          <div class=\"col-image position-relative\" data-aos=\"fade-down\" data-aos-once=\"true\">\n                    <div class=\"field-image mb-0\">\n    <figure class=\"field-image--figure\">\n      <img loading=\"lazy\" decoding=\"async\" src=\"https:\/\/www.calogena.com\/se\/wp-content\/uploads\/sites\/4\/2025\/09\/hre-large-2-1.png\" \n        class=\"img-fluid field-image--img\"\n         alt=\"Ic\u00f4ne d'illustration\"         title=\"heat roadmap europe\"         width=\"907\"         height=\"249\"         srcset=\"\"\t\t\n         sizes=\"auto, (max-width: 907px) 100vw, 907px\"      \/>\n    \t\n    <\/figure>    \n  <\/div>\n              <\/div>\n                      <\/div>\n        <\/div>\n\n      <\/div>\n    <\/div>\n  <\/section>\n\n\n\n    \n  \n  <section class=\"block-text-image-video\" style=\"background-color:#ffffff;\">\n    <div class=\"container\">\n      <div class=\"row\">\n\n        <div class=\"col-12 col-lg-5 align-self-center order-1 order-lg-2\">\n          <div class=\"col-text px-25 px-md-35\" data-aos=\"fade-up\" data-aos-once=\"true\">\n                <div class=\"field-image \">\n    <figure class=\"field-image--figure\">\n      <img loading=\"lazy\" decoding=\"async\" src=\"https:\/\/www.calogena.com\/se\/wp-content\/themes\/calogena\/img\/icons\/black-points.svg\" \n        class=\"img-fluid field-image--img\"\n         alt=\"Ic\u00f4ne d'illustration\"                 width=\"42\"         height=\"51\"        \t\t\n         sizes=\"auto, (max-width: 42px) 100vw, 42px\"      \/>\n    \t\n    <\/figure>    \n  <\/div>\n              <h2 class=\"text titre-xxxl-cap pt-15 m-0 animated-text\">\n    K\u00c4RNKRAFT \u00c4R AVG\u00d6RANDE F\u00d6R ATT AVKARBONISERA OCH UTVECKLA FJ\u00c4RRV\u00c4RMESEKTORN\n  <\/h2>\n\n                          <div class=\"text texte-contenu pt-15 post-content-wysiwyg\">\n    <p>De flesta avkarboniserade v\u00e4rmeproduktionsl\u00f6sningar \u00e4r kopplade till lokala m\u00f6jligheter. Biomassa, som f\u00f6r n\u00e4rvarande ses som en potentiell k\u00e4lla f\u00f6r att ers\u00e4tta fossila br\u00e4nslen i stor skala, kan snart n\u00e5 sina gr\u00e4nser n\u00e4r det g\u00e4ller tillg\u00e4ngliga resurser. K\u00e4rnkraft \u00e4r d\u00e4rf\u00f6r AVG\u00d6RANDE f\u00f6r att minska koldioxidavtrycket genom att s\u00e4kerst\u00e4lla fullst\u00e4ndig avkarbonisering av v\u00e4rmeproduktionen.<\/p>\n<p>Calogena-projektet presenterar en l\u00f6sning som syftar till avkarbonisera fj\u00e4rrv\u00e4rmen\u00e4ten i Europa och m\u00f6jligg\u00f6ra utbyggnaden av framtida n\u00e4t.<\/p>\n<p>Den l\u00e5ga koldioxidintensiteten hos k\u00e4rnkraft f\u00f6r fj\u00e4rrv\u00e4rme \u00e4r o\u00f6vertr\u00e4ffad p\u00e5 marknaden, med endast 2 g CO2 per kWh, vilket \u00e4r betydligt l\u00e4gre \u00e4n f\u00f6r gas, som n\u00e5r 230 g. Dessutom producerar en Calogena-modul inga fina partiklar och eliminerar behovet av daglig lastbilstrafik.<\/p>\n\n  <\/div>\n                      <\/div>\n        <\/div>\n\n        <div class=\"col-12 col-lg-7 order-2 order-lg-1\">\n          <div class=\"col-medias px-25 px-md-35 pt-30 py-lg-30\" >\n                          <div class=\"col-image position-relative\" data-aos=\"fade-down\" data-aos-once=\"true\">\n                    <div class=\"field-image mb-0\">\n    <figure class=\"field-image--figure\">\n      <img loading=\"lazy\" decoding=\"async\" src=\"https:\/\/www.calogena.com\/se\/wp-content\/uploads\/sites\/4\/2025\/09\/admin-ajax-2.webp\" \n        class=\"img-fluid field-image--img\"\n         alt=\"Ic\u00f4ne d'illustration\"         title=\"depositphotos_326761588-stock-photo-autumn-background-in-the-park\"         width=\"600\"         height=\"400\"         srcset=\"\"\t\t\n         sizes=\"auto, (max-width: 600px) 100vw, 600px\"      \/>\n    \t\n    <\/figure>    \n  <\/div>\n              <\/div>\n                      <\/div>\n        <\/div>\n\n      <\/div>\n    <\/div>\n  <\/section>\n\n\n  \n<section class=\"block-baseline-cta px-25 py-md-40\" style=\"background-color:#ffffff;\">\n\t<div class=\"headlines container\">\n\t\t  <p class=\"text baseline titre-s text-center text-uppercase p-30\">\n    K\u00e4rnv\u00e4rme \u00e4r den l\u00f6sning som sl\u00e4pper ut minst koldioxid\n  <\/p>\n\n    <div class=\"d-flex justify-content-center\">\n      \t\t\t\t\t\n\t<div class=\"field-lien\">\n\t\t<a class=\" btn btn-outline-primary text-black btn-lg\" \n\t\t\thref=\"https:\/\/www.calogena.com\/se\/var-losning\/\" \n\t\t\ttarget=\"\"\t\t\ttitle=\"Uppt\u00e4ck v\u00e5r teknologi\"\n\t\t>\n\t\t\t\t\t\t\t\t\tUppt\u00e4ck v\u00e5r teknologi\n\t\t<\/a>\n\t<\/div>\n    \n    <\/div>\n\t<\/div>\n<\/section>\n","protected":false},"excerpt":{"rendered":"","protected":false},"author":5,"featured_media":0,"parent":0,"menu_order":0,"comment_status":"closed","ping_status":"closed","template":"","meta":{"_acf_changed":false,"footnotes":""},"class_list":["post-28","page","type-page","status-publish","hentry"],"acf":[],"yoast_head":"<!-- This site is optimized with the Yoast SEO plugin v25.7 - https:\/\/yoast.com\/wordpress\/plugins\/seo\/ -->\n<title>V\u00e5r ambition - Calogena<\/title>\n<meta name=\"robots\" content=\"index, follow, max-snippet:-1, max-image-preview:large, max-video-preview:-1\" \/>\n<link rel=\"canonical\" href=\"https:\/\/www.calogena.com\/se\/var-marknad-och-vara-utmaningar\/\" \/>\n<meta property=\"og:locale\" content=\"sv_SE\" \/>\n<meta property=\"og:type\" content=\"article\" \/>\n<meta property=\"og:title\" content=\"V\u00e5r ambition - Calogena\" \/>\n<meta property=\"og:url\" content=\"https:\/\/www.calogena.com\/se\/var-marknad-och-vara-utmaningar\/\" \/>\n<meta property=\"og:site_name\" content=\"Calogena\" \/>\n<meta property=\"article:modified_time\" content=\"2025-09-16T16:43:07+00:00\" \/>\n<meta name=\"twitter:card\" content=\"summary_large_image\" \/>\n<script type=\"application\/ld+json\" class=\"yoast-schema-graph\">{\"@context\":\"https:\/\/schema.org\",\"@graph\":[{\"@type\":\"WebPage\",\"@id\":\"https:\/\/www.calogena.com\/se\/var-marknad-och-vara-utmaningar\/\",\"url\":\"https:\/\/www.calogena.com\/se\/var-marknad-och-vara-utmaningar\/\",\"name\":\"V\u00e5r ambition - Calogena\",\"isPartOf\":{\"@id\":\"https:\/\/www.calogena.com\/se\/#website\"},\"datePublished\":\"2025-04-29T12:28:15+00:00\",\"dateModified\":\"2025-09-16T16:43:07+00:00\",\"breadcrumb\":{\"@id\":\"https:\/\/www.calogena.com\/se\/var-marknad-och-vara-utmaningar\/#breadcrumb\"},\"inLanguage\":\"sv-SE\",\"potentialAction\":[{\"@type\":\"ReadAction\",\"target\":[\"https:\/\/www.calogena.com\/se\/var-marknad-och-vara-utmaningar\/\"]}]},{\"@type\":\"BreadcrumbList\",\"@id\":\"https:\/\/www.calogena.com\/se\/var-marknad-och-vara-utmaningar\/#breadcrumb\",\"itemListElement\":[{\"@type\":\"ListItem\",\"position\":1,\"name\":\"Accueil\",\"item\":\"https:\/\/www.calogena.com\/se\/\"},{\"@type\":\"ListItem\",\"position\":2,\"name\":\"V\u00e5r ambition\"}]},{\"@type\":\"WebSite\",\"@id\":\"https:\/\/www.calogena.com\/se\/#website\",\"url\":\"https:\/\/www.calogena.com\/se\/\",\"name\":\"Calogena\",\"description\":\"\",\"potentialAction\":[{\"@type\":\"SearchAction\",\"target\":{\"@type\":\"EntryPoint\",\"urlTemplate\":\"https:\/\/www.calogena.com\/se\/?s={search_term_string}\"},\"query-input\":{\"@type\":\"PropertyValueSpecification\",\"valueRequired\":true,\"valueName\":\"search_term_string\"}}],\"inLanguage\":\"sv-SE\"}]}<\/script>\n<!-- \/ Yoast SEO plugin. -->","yoast_head_json":{"title":"V\u00e5r ambition - Calogena","robots":{"index":"index","follow":"follow","max-snippet":"max-snippet:-1","max-image-preview":"max-image-preview:large","max-video-preview":"max-video-preview:-1"},"canonical":"https:\/\/www.calogena.com\/se\/var-marknad-och-vara-utmaningar\/","og_locale":"sv_SE","og_type":"article","og_title":"V\u00e5r ambition - Calogena","og_url":"https:\/\/www.calogena.com\/se\/var-marknad-och-vara-utmaningar\/","og_site_name":"Calogena","article_modified_time":"2025-09-16T16:43:07+00:00","twitter_card":"summary_large_image","schema":{"@context":"https:\/\/schema.org","@graph":[{"@type":"WebPage","@id":"https:\/\/www.calogena.com\/se\/var-marknad-och-vara-utmaningar\/","url":"https:\/\/www.calogena.com\/se\/var-marknad-och-vara-utmaningar\/","name":"V\u00e5r ambition - Calogena","isPartOf":{"@id":"https:\/\/www.calogena.com\/se\/#website"},"datePublished":"2025-04-29T12:28:15+00:00","dateModified":"2025-09-16T16:43:07+00:00","breadcrumb":{"@id":"https:\/\/www.calogena.com\/se\/var-marknad-och-vara-utmaningar\/#breadcrumb"},"inLanguage":"sv-SE","potentialAction":[{"@type":"ReadAction","target":["https:\/\/www.calogena.com\/se\/var-marknad-och-vara-utmaningar\/"]}]},{"@type":"BreadcrumbList","@id":"https:\/\/www.calogena.com\/se\/var-marknad-och-vara-utmaningar\/#breadcrumb","itemListElement":[{"@type":"ListItem","position":1,"name":"Accueil","item":"https:\/\/www.calogena.com\/se\/"},{"@type":"ListItem","position":2,"name":"V\u00e5r ambition"}]},{"@type":"WebSite","@id":"https:\/\/www.calogena.com\/se\/#website","url":"https:\/\/www.calogena.com\/se\/","name":"Calogena","description":"","potentialAction":[{"@type":"SearchAction","target":{"@type":"EntryPoint","urlTemplate":"https:\/\/www.calogena.com\/se\/?s={search_term_string}"},"query-input":{"@type":"PropertyValueSpecification","valueRequired":true,"valueName":"search_term_string"}}],"inLanguage":"sv-SE"}]}},"_links":{"self":[{"href":"https:\/\/www.calogena.com\/se\/wp-json\/wp\/v2\/pages\/28","targetHints":{"allow":["GET"]}}],"collection":[{"href":"https:\/\/www.calogena.com\/se\/wp-json\/wp\/v2\/pages"}],"about":[{"href":"https:\/\/www.calogena.com\/se\/wp-json\/wp\/v2\/types\/page"}],"author":[{"embeddable":true,"href":"https:\/\/www.calogena.com\/se\/wp-json\/wp\/v2\/users\/5"}],"replies":[{"embeddable":true,"href":"https:\/\/www.calogena.com\/se\/wp-json\/wp\/v2\/comments?post=28"}],"version-history":[{"count":11,"href":"https:\/\/www.calogena.com\/se\/wp-json\/wp\/v2\/pages\/28\/revisions"}],"predecessor-version":[{"id":240,"href":"https:\/\/www.calogena.com\/se\/wp-json\/wp\/v2\/pages\/28\/revisions\/240"}],"wp:attachment":[{"href":"https:\/\/www.calogena.com\/se\/wp-json\/wp\/v2\/media?parent=28"}],"curies":[{"name":"wp","href":"https:\/\/api.w.org\/{rel}","templated":true}]}}