{"id":26,"date":"2025-04-29T14:27:49","date_gmt":"2025-04-29T12:27:49","guid":{"rendered":"https:\/\/www.calogena.com\/se\/?page_id=26"},"modified":"2025-09-16T15:40:13","modified_gmt":"2025-09-16T13:40:13","slug":"juridiska-meddelanden","status":"publish","type":"page","link":"https:\/\/www.calogena.com\/se\/juridiska-meddelanden\/","title":{"rendered":"Juridisk information"},"content":{"rendered":"<div class=\"container\"><div class=\"px-25 px-md-35\"><div class=\"max-w-editor\">\n<p>Utgivaren \u00e4r CALOGENA, som ligger i Paris. Webbplatsen \u00e4r skyddad av fransk och internationell upphovsr\u00e4ttslagstiftning. Webbplatsen skapades i Frankrike. Genom att anv\u00e4nda denna webbplats accepterar du de anv\u00e4ndarvillkor som beskrivs ovan. Eventuella tvister som r\u00f6r tolkningen eller genomf\u00f6randet av ett avtalsm\u00e4ssigt \u00e5tagande som f\u00f6reskrivs p\u00e5 denna webbplats ska vara f\u00f6rem\u00e5l f\u00f6r exklusiv jurisdiktion av franska domstolar som till\u00e4mpar fransk lag.<\/p>\n<\/div><\/div><\/div>\n\n<div class=\"container\"><div class=\"px-25 px-md-35\">\n<h2 class=\"wp-block-heading\"><strong>Utgivare<\/strong><\/h2>\n<\/div><\/div>\n\n<div class=\"container\"><div class=\"px-25 px-md-35\"><div class=\"max-w-editor\">\n<p>CALOGENA<\/p>\n<\/div><\/div><\/div>\n\n<div class=\"container\"><div class=\"px-25 px-md-35\"><div class=\"max-w-editor\">\n<p>30 rue de Gramont<br>75002 Paris \u2013 Frankrike<br>Telefon : +33 (0)1 44 77 94 77<br>E-mail : contact@calogena.com<\/p>\n<\/div><\/div><\/div>\n\n<div class=\"container\"><div class=\"px-25 px-md-35\"><div class=\"max-w-editor\">\n<p>SIRET : 90871304300010<\/p>\n<\/div><\/div><\/div>\n\n<div class=\"container\"><div class=\"px-25 px-md-35\"><div class=\"max-w-editor\">\n<p>Aktiekapital: \u20ac5,000R. C.S Paris 908 713\u00a0043\u2028<\/p>\n<\/div><\/div><\/div>\n\n<div class=\"container\"><div class=\"px-25 px-md-35\"><div class=\"max-w-editor\">\n<p>Juridiskt ombud: Rapha\u00ebl Gorg\u00e9\u2028<\/p>\n<\/div><\/div><\/div>\n\n<div class=\"container\"><div class=\"px-25 px-md-35\"><div class=\"max-w-editor\">\n<p>Ansvarig utgivare: Rapha\u00ebl Gorg\u00e9<\/p>\n<\/div><\/div><\/div>\n\n<div class=\"container\"><div class=\"px-25 px-md-35\"><div class=\"max-w-editor\">\n<p><strong>Webbhotell\u2028V\u00e4rd<\/strong>: ONLINE SAS BP 438 75366 PARIS CEDEX 08 FRANKRIKE\u2028Huvudkontor: 8 rue de la Ville l&#8217;Ev\u00eaque, 75008 Paris, Frankrike\u2028Telefonnummer: +33 (0)1 84 13 00 00<\/p>\n<\/div><\/div><\/div>\n\n<div class=\"container\"><div class=\"px-25 px-md-35\"><div class=\"max-w-editor\">\n<p><br>Webbplatsens inneh\u00e5llet p\u00e5 denna webbplats \u00e4r endast avsedd f\u00f6r att informera. Den generella ledningen f\u00f6rbeh\u00e5ller sig r\u00e4tten att \u00e4ndra inneh\u00e5llet. Inneh\u00e5llet p\u00e5 webbplatsen (text, bilder, ljud, grafik, nedladdningsbara dokument, etc.) \u00e4r Calogenas exklusiva egendom. Webbplatsen omfattas av fransk och internationell lagstiftning om upphovsr\u00e4tt och immateriella r\u00e4ttigheter. All anv\u00e4ndning eller reproduktion, helt eller delvis, av webbplatsen utg\u00f6r en \u00f6vertr\u00e4delse som \u00e4r straffbar enligt den franska lagen om immateriella r\u00e4ttigheter.<\/p>\n<\/div><\/div><\/div>\n\n<div class=\"container\"><div class=\"px-25 px-md-35\"><div class=\"max-w-editor\">\n<p><br><strong>Hypertextl\u00e4nkar\u2028:<\/strong><\/p>\n<\/div><\/div><\/div>\n\n<div class=\"container\"><div class=\"px-25 px-md-35\"><div class=\"max-w-editor\">\n<p>Calogena tar inget som helst ansvar f\u00f6r hypertextl\u00e4nkar till andra webbplatser eller deras inneh\u00e5ll. Calogena till\u00e5ter andra webbplatser att s\u00e4tta upp en hypertextl\u00e4nk som pekar p\u00e5 dess inneh\u00e5ll, med undantag f\u00f6r webbplatser av kontroversiell, pornografisk eller fr\u00e4mlingsfientlig natur eller webbplatser som kan f\u00f6rol\u00e4mpa ett stort antal m\u00e4nniskor.<br><strong>Dataskyddslagen<\/strong><br>I enlighet med lagen av den 6 januari 1978 nr 78\u201317 om informationsteknik, filer och medborgerliga friheter. Den information som registreras \u00e4r reserverad f\u00f6r anv\u00e4ndning av Calogena och kommer under inga omst\u00e4ndigheter att vidarebefordras till tredje part. I enlighet med artiklarna 39 och f\u00f6ljande i lag nr 78\u201317 har alla anv\u00e4ndare av webbplatsen som har angett personuppgifter r\u00e4tt att f\u00e5 tillg\u00e5ng till, korrigera, \u00e4ndra, radera eller inv\u00e4nda mot s\u00e5dana uppgifter. Du kan n\u00e4r som helst ut\u00f6va denna r\u00e4ttighet via e-post eller post till Calogena &#8211; 30 rue de Gramont &#8211; 75002 Paris.<\/p>\n<\/div><\/div><\/div>\n\n<div class=\"container\"><div class=\"px-25 px-md-35\"><div class=\"max-w-editor\">\n<p><br><strong>Policy f\u00f6r skydd av personuppgifter\u2028<\/strong>Exail Technologies \u00e4gnar s\u00e4rskild uppm\u00e4rksamhet \u00e5t skyddet av personuppgifter (&#8221;Data&#8221;) f\u00f6r bes\u00f6kare och anv\u00e4ndare av sin webbplats och implementerar n\u00f6dv\u00e4ndiga medel f\u00f6r att s\u00e4kerst\u00e4lla r\u00e4ttvis insamling och behandling av s\u00e5dana uppgifter. P\u00e5 sidan Integritetspolicy hittar du n\u00f6dv\u00e4ndig information och detaljer om Calogenas anv\u00e4ndning av dina uppgifter, samt dina r\u00e4ttigheter i detta <a href=\"https:\/\/www.calogena.com\/mentions-legales\/\">avseende5.<\/a><\/p>\n<\/div><\/div><\/div>\n\n<div class=\"container\"><div class=\"px-25 px-md-35\"><div class=\"max-w-editor\">\n<p><\/p>\n<\/div><\/div><\/div>","protected":false},"excerpt":{"rendered":"<p>Utgivaren \u00e4r CALOGENA, som ligger i Paris. Webbplatsen \u00e4r skyddad av fransk och internationell upphovsr\u00e4ttslagstiftning. Webbplatsen skapades i Frankrike. Genom att anv\u00e4nda denna webbplats accepterar du de anv\u00e4ndarvillkor som beskrivs ovan. Eventuella tvister som r\u00f6r tolkningen eller genomf\u00f6randet av ett avtalsm\u00e4ssigt \u00e5tagande som f\u00f6reskrivs p\u00e5 denna webbplats ska vara f\u00f6rem\u00e5l f\u00f6r exklusiv jurisdiktion av franska [&hellip;]<\/p>\n","protected":false},"author":5,"featured_media":0,"parent":0,"menu_order":0,"comment_status":"closed","ping_status":"closed","template":"","meta":{"_acf_changed":false,"footnotes":""},"class_list":["post-26","page","type-page","status-publish","hentry"],"acf":[],"yoast_head":"<!-- This site is optimized with the Yoast SEO plugin v25.7 - https:\/\/yoast.com\/wordpress\/plugins\/seo\/ -->\n<title>Juridisk information - Calogena<\/title>\n<meta name=\"robots\" content=\"index, follow, max-snippet:-1, max-image-preview:large, max-video-preview:-1\" \/>\n<link rel=\"canonical\" href=\"https:\/\/www.calogena.com\/se\/juridiska-meddelanden\/\" \/>\n<meta property=\"og:locale\" content=\"sv_SE\" \/>\n<meta property=\"og:type\" content=\"article\" \/>\n<meta property=\"og:title\" content=\"Juridisk information - Calogena\" \/>\n<meta property=\"og:description\" content=\"Utgivaren \u00e4r CALOGENA, som ligger i Paris. Webbplatsen \u00e4r skyddad av fransk och internationell upphovsr\u00e4ttslagstiftning. Webbplatsen skapades i Frankrike. Genom att anv\u00e4nda denna webbplats accepterar du de anv\u00e4ndarvillkor som beskrivs ovan. Eventuella tvister som r\u00f6r tolkningen eller genomf\u00f6randet av ett avtalsm\u00e4ssigt \u00e5tagande som f\u00f6reskrivs p\u00e5 denna webbplats ska vara f\u00f6rem\u00e5l f\u00f6r exklusiv jurisdiktion av franska [&hellip;]\" \/>\n<meta property=\"og:url\" content=\"https:\/\/www.calogena.com\/se\/juridiska-meddelanden\/\" \/>\n<meta property=\"og:site_name\" content=\"Calogena\" \/>\n<meta property=\"article:modified_time\" content=\"2025-09-16T13:40:13+00:00\" \/>\n<meta name=\"twitter:card\" content=\"summary_large_image\" \/>\n<meta name=\"twitter:label1\" content=\"Ber\u00e4knad l\u00e4stid\" \/>\n\t<meta name=\"twitter:data1\" content=\"2 minuter\" \/>\n<script type=\"application\/ld+json\" class=\"yoast-schema-graph\">{\"@context\":\"https:\/\/schema.org\",\"@graph\":[{\"@type\":\"WebPage\",\"@id\":\"https:\/\/www.calogena.com\/se\/juridiska-meddelanden\/\",\"url\":\"https:\/\/www.calogena.com\/se\/juridiska-meddelanden\/\",\"name\":\"Juridisk information - Calogena\",\"isPartOf\":{\"@id\":\"https:\/\/www.calogena.com\/se\/#website\"},\"datePublished\":\"2025-04-29T12:27:49+00:00\",\"dateModified\":\"2025-09-16T13:40:13+00:00\",\"breadcrumb\":{\"@id\":\"https:\/\/www.calogena.com\/se\/juridiska-meddelanden\/#breadcrumb\"},\"inLanguage\":\"sv-SE\",\"potentialAction\":[{\"@type\":\"ReadAction\",\"target\":[\"https:\/\/www.calogena.com\/se\/juridiska-meddelanden\/\"]}]},{\"@type\":\"BreadcrumbList\",\"@id\":\"https:\/\/www.calogena.com\/se\/juridiska-meddelanden\/#breadcrumb\",\"itemListElement\":[{\"@type\":\"ListItem\",\"position\":1,\"name\":\"Accueil\",\"item\":\"https:\/\/www.calogena.com\/se\/\"},{\"@type\":\"ListItem\",\"position\":2,\"name\":\"Juridisk information\"}]},{\"@type\":\"WebSite\",\"@id\":\"https:\/\/www.calogena.com\/se\/#website\",\"url\":\"https:\/\/www.calogena.com\/se\/\",\"name\":\"Calogena\",\"description\":\"\",\"potentialAction\":[{\"@type\":\"SearchAction\",\"target\":{\"@type\":\"EntryPoint\",\"urlTemplate\":\"https:\/\/www.calogena.com\/se\/?s={search_term_string}\"},\"query-input\":{\"@type\":\"PropertyValueSpecification\",\"valueRequired\":true,\"valueName\":\"search_term_string\"}}],\"inLanguage\":\"sv-SE\"}]}<\/script>\n<!-- \/ Yoast SEO plugin. -->","yoast_head_json":{"title":"Juridisk information - Calogena","robots":{"index":"index","follow":"follow","max-snippet":"max-snippet:-1","max-image-preview":"max-image-preview:large","max-video-preview":"max-video-preview:-1"},"canonical":"https:\/\/www.calogena.com\/se\/juridiska-meddelanden\/","og_locale":"sv_SE","og_type":"article","og_title":"Juridisk information - Calogena","og_description":"Utgivaren \u00e4r CALOGENA, som ligger i Paris. Webbplatsen \u00e4r skyddad av fransk och internationell upphovsr\u00e4ttslagstiftning. Webbplatsen skapades i Frankrike. Genom att anv\u00e4nda denna webbplats accepterar du de anv\u00e4ndarvillkor som beskrivs ovan. Eventuella tvister som r\u00f6r tolkningen eller genomf\u00f6randet av ett avtalsm\u00e4ssigt \u00e5tagande som f\u00f6reskrivs p\u00e5 denna webbplats ska vara f\u00f6rem\u00e5l f\u00f6r exklusiv jurisdiktion av franska [&hellip;]","og_url":"https:\/\/www.calogena.com\/se\/juridiska-meddelanden\/","og_site_name":"Calogena","article_modified_time":"2025-09-16T13:40:13+00:00","twitter_card":"summary_large_image","twitter_misc":{"Ber\u00e4knad l\u00e4stid":"2 minuter"},"schema":{"@context":"https:\/\/schema.org","@graph":[{"@type":"WebPage","@id":"https:\/\/www.calogena.com\/se\/juridiska-meddelanden\/","url":"https:\/\/www.calogena.com\/se\/juridiska-meddelanden\/","name":"Juridisk information - Calogena","isPartOf":{"@id":"https:\/\/www.calogena.com\/se\/#website"},"datePublished":"2025-04-29T12:27:49+00:00","dateModified":"2025-09-16T13:40:13+00:00","breadcrumb":{"@id":"https:\/\/www.calogena.com\/se\/juridiska-meddelanden\/#breadcrumb"},"inLanguage":"sv-SE","potentialAction":[{"@type":"ReadAction","target":["https:\/\/www.calogena.com\/se\/juridiska-meddelanden\/"]}]},{"@type":"BreadcrumbList","@id":"https:\/\/www.calogena.com\/se\/juridiska-meddelanden\/#breadcrumb","itemListElement":[{"@type":"ListItem","position":1,"name":"Accueil","item":"https:\/\/www.calogena.com\/se\/"},{"@type":"ListItem","position":2,"name":"Juridisk information"}]},{"@type":"WebSite","@id":"https:\/\/www.calogena.com\/se\/#website","url":"https:\/\/www.calogena.com\/se\/","name":"Calogena","description":"","potentialAction":[{"@type":"SearchAction","target":{"@type":"EntryPoint","urlTemplate":"https:\/\/www.calogena.com\/se\/?s={search_term_string}"},"query-input":{"@type":"PropertyValueSpecification","valueRequired":true,"valueName":"search_term_string"}}],"inLanguage":"sv-SE"}]}},"_links":{"self":[{"href":"https:\/\/www.calogena.com\/se\/wp-json\/wp\/v2\/pages\/26","targetHints":{"allow":["GET"]}}],"collection":[{"href":"https:\/\/www.calogena.com\/se\/wp-json\/wp\/v2\/pages"}],"about":[{"href":"https:\/\/www.calogena.com\/se\/wp-json\/wp\/v2\/types\/page"}],"author":[{"embeddable":true,"href":"https:\/\/www.calogena.com\/se\/wp-json\/wp\/v2\/users\/5"}],"replies":[{"embeddable":true,"href":"https:\/\/www.calogena.com\/se\/wp-json\/wp\/v2\/comments?post=26"}],"version-history":[{"count":2,"href":"https:\/\/www.calogena.com\/se\/wp-json\/wp\/v2\/pages\/26\/revisions"}],"predecessor-version":[{"id":212,"href":"https:\/\/www.calogena.com\/se\/wp-json\/wp\/v2\/pages\/26\/revisions\/212"}],"wp:attachment":[{"href":"https:\/\/www.calogena.com\/se\/wp-json\/wp\/v2\/media?parent=26"}],"curies":[{"name":"wp","href":"https:\/\/api.w.org\/{rel}","templated":true}]}}