{"id":14,"date":"2025-04-29T14:12:50","date_gmt":"2025-04-29T12:12:50","guid":{"rendered":"https:\/\/www.calogena.com\/se\/?page_id=14"},"modified":"2025-09-16T15:41:37","modified_gmt":"2025-09-16T13:41:37","slug":"kontakta","status":"publish","type":"page","link":"https:\/\/www.calogena.com\/se\/kontakta\/","title":{"rendered":"Kontakt"},"content":{"rendered":"<section class=\"block-hero-edito\">\n  <div class=\"headlines container\">\n            <div class=\"container\">\n    <div class=\"row\">\n      <div class=\"col-12 px-25 px-md-35\">\n        <nav class=\"breadcrumb\" vocab=\"https:\/\/schema.org\/\" typeof=\"BreadcrumbList\">\n          <!-- Breadcrumb NavXT 7.4.1 -->\n<span property=\"itemListElement\" typeof=\"ListItem\"><a property=\"item\" typeof=\"WebPage\" title=\"G\u00e5 till Calogena.\" href=\"https:\/\/www.calogena.com\/se\" class=\"home\" ><span property=\"name\">Calogena<\/span><\/a><meta property=\"position\" content=\"1\"><\/span><span property=\"itemListElement\" typeof=\"ListItem\"><a property=\"item\" typeof=\"WebPage\" title=\"G\u00e5 till Pressmeddelanden.\" href=\"https:\/\/www.calogena.com\/se\/pressmeddelanden\/\" class=\"post-root post post-post\" aria-current=\"page\"><span property=\"name\">Pressmeddelanden<\/span><\/a><meta property=\"position\" content=\"2\"><\/span>\n        <\/nav>\n      <\/div>\n    <\/div>\n  <\/div>\n        <div class=\"row\">\n      <div class=\"col-12 p-25 p-md-35\">\n        <h1 class=\"title\">\n            <span class=\"text\">\n    Kontakt\n  <\/span>\n                  <\/h1>\n\n      <\/div>\n    <\/div>\n  <\/div>\n<\/section>\n\n\n\n\n<div class=\"container\"><div class=\"px-25 px-md-35\">\n<div class=\"wp-block-contact-form-7-contact-form-selector\">\n<div class=\"wpcf7 no-js\" id=\"wpcf7-f7-o1\" lang=\"sv-SE\" dir=\"ltr\" data-wpcf7-id=\"7\">\n<div class=\"screen-reader-response\"><p role=\"status\" aria-live=\"polite\" aria-atomic=\"true\"><\/p> <ul><\/ul><\/div>\n<form action=\"\/se\/wp-json\/wp\/v2\/pages\/14#wpcf7-f7-o1\" method=\"post\" class=\"wpcf7-form init\" aria-label=\"Kontaktformul\u00e4r\" enctype=\"multipart\/form-data\" novalidate=\"novalidate\" data-status=\"init\">\n<fieldset class=\"hidden-fields-container\"><input type=\"hidden\" name=\"_wpcf7\" value=\"7\" \/><input type=\"hidden\" name=\"_wpcf7_version\" value=\"6.1.1\" \/><input type=\"hidden\" name=\"_wpcf7_locale\" value=\"sv_SE\" \/><input type=\"hidden\" name=\"_wpcf7_unit_tag\" value=\"wpcf7-f7-o1\" \/><input type=\"hidden\" name=\"_wpcf7_container_post\" value=\"0\" \/><input type=\"hidden\" name=\"_wpcf7_posted_data_hash\" value=\"\" \/>\n<\/fieldset>\n<div class=\"row\">\n\t<div class=\"col-12 col-md-6 col-lg-5\"><p class=\"required-help\"><span>*<\/span> Obligatoriska f\u00e4lt<\/p><\/div>\n<\/div>\n<div class=\"row pt-10\">\n\t<div class=\"col-12 col-md-6 col-lg-5\">\n        <div class=\"wpcf7-form-control-wrap form-group\" data-name=\"lastname\">\n          <label class=\"form-label\" for=\"lastname\">\n            Efternamn <span>*<\/span>\n          <\/label>\n          <input size=\"40\" class=\"wpcf7-form-control wpcf7-text wpcf7-validates-as-required form-control\" id=\"lastname\" autocomplete=\"given-name\" aria-required=\"true\" aria-invalid=\"false\" value=\"\" type=\"text\" name=\"lastname\">\n          \n        <\/div>\n      <\/div>\n\t<div class=\"col-12 col-md-6 col-lg-5\">\n        <div class=\"wpcf7-form-control-wrap form-group\" data-name=\"firstname\">\n          <label class=\"form-label\" for=\"firstname\">\n            F\u00f6rnamn <span>*<\/span>\n          <\/label>\n          <input size=\"40\" class=\"wpcf7-form-control wpcf7-text wpcf7-validates-as-required form-control\" id=\"firstname\" autocomplete=\"family-name\" aria-required=\"true\" aria-invalid=\"false\" value=\"\" type=\"text\" name=\"firstname\">\n          \n        <\/div>\n      <\/div>\n<\/div>\n<div class=\"row pt-20\">\n\t<div class=\"col-12 col-md-12 col-lg-5\">\n        <div class=\"wpcf7-form-control-wrap form-group\" data-name=\"email\">\n          <label class=\"form-label\" for=\"email\">\n            E-post <span>*<\/span>\n          <\/label>\n          <input size=\"40\" class=\"wpcf7-form-control wpcf7-email wpcf7-validates-as-required wpcf7-text wpcf7-validates-as-email form-control\" id=\"email\" autocomplete=\"email\" aria-required=\"true\" aria-invalid=\"false\" value=\"\" type=\"email\" name=\"email\">\n          \n        <\/div>\n      <\/div>\n<\/div>\n<div class=\"row pt-20\">\n\t<div class=\"col-12 col-md-12 col-lg-5\"><div class=\"wpcf7-form-control-wrap form-group\" data-name=\"contactreason\">\n        <label class=\"form-label\" for=\"contactreason\">\n          \u00c4mne f\u00f6r kontakt \n        <\/label>\n        <select class=\"wpcf7-form-control wpcf7-select form-select\" id=\"contactreason\" aria-invalid=\"false\" name=\"contactreason\">\n          <option value=\"\">---<\/option><option value=\"Press\">Press<\/option><option value=\"Allm\u00e4n kontakt\">Allm\u00e4n kontakt<\/option>\n        <\/select>\n        \n      <\/div><\/div>\n<\/div>\n<div class=\"row pt-40\">\n\t<div class=\"col-12 col-md-12 col-lg-7\"><div class=\"wpcf7-form-control-wrap form-group\" data-name=\"message\">\n        <label class=\"form-label\" for=\"message\">\n          Ditt meddelande <span>*<\/span>\n        <\/label>\n        <textarea cols=\"40\" rows=\"10\" class=\"wpcf7-form-control wpcf7-textarea wpcf7-validates-as-required form-control\" id=\"message\" aria-required=\"true\" aria-invalid=\"false\" placeholder=\"Ditt meddelande\" name=\"message\"><\/textarea>\n        \n      <\/div><\/div>\n<\/div>\n<div class=\"row pt-40\">\n\t<div class=\"col-12 col-md-12 col-lg-10\"><div class=\"wpcf7-form-control-wrap form-group form-group--file\" data-name=\"file\">\n        <p class=\"fake-form-label\">Ladda upp din fil<\/p>\n        <input size=\"40\" class=\"wpcf7-form-control wpcf7-file form-control\" id=\"file\" accept=\"application\/pdf\" aria-invalid=\"false\" type=\"file\" name=\"file\" \/>\n        <label class=\"form-label\" for=\"file\">\n          <span>Upload <\/span>\n        <\/label>\n        \n      <\/div><\/div>\n<\/div>\n<div class=\"row pt-40\">\n\t<div class=\"col-12 col-md-12 col-lg-10\"><div class=\"wpcf7-form-control-wrap novalidate\" data-name=\"rgpd-acceptance\">\n        <div class=\"wpcf7-form-control wpcf7-acceptance form-check\">\n          <input type=\"checkbox\" name=\"rgpd-acceptance\" value=\"1\" class=\"form-check-input\" id=\"rgpd-acceptance\" aria-invalid=\"false\" \/><label class=\"wpcf7-list-item-label form-check-label\" for=\"\">Jag godk\u00e4nner att Calogena samlar in och anv\u00e4nder mina personuppgifter i enlighet med anv\u00e4ndarvillkoren och integritetspolicyn f\u00f6r att besvara mitt meddelande och behandla min jobbans\u00f6kan. * Uppgifterna kan \u00e4ven anv\u00e4ndas f\u00f6r riktad kommunikation beroende p\u00e5 valda inst\u00e4llningar. Du har r\u00e4tt att f\u00e5 tillg\u00e5ng till och r\u00e4tta dina personuppgifter, samt att beg\u00e4ra att de raderas inom ramen f\u00f6r vad lagen till\u00e5ter. Du kan n\u00e4r som helst \u00e4ndra dina inst\u00e4llningar f\u00f6r riktad kommunikation. L\u00e4s mer om v\u00e5r integritetspolicy.<\/label>\n        <\/div>\n        \n      <\/div><\/div>\n<\/div>\n<div class=\"row pt-60\">\n\t<div class=\"col-12 col-md-12 col-lg-10\"><button class=\"wpcf7-form-control wpcf7-submit has-spinner btn btn-info\" type=\"submit\" \/>Bekr\u00e4fta<\/button><\/div>\n<\/div><div class=\"wpcf7-response-output\" aria-hidden=\"true\"><\/div>\n<\/form>\n<\/div>\n<\/div>\n<\/div><\/div>\n\n<div class=\"container\"><div class=\"px-25 px-md-35\"><div class=\"max-w-editor\">\n<p><\/p>\n<\/div><\/div><\/div>","protected":false},"excerpt":{"rendered":"","protected":false},"author":5,"featured_media":0,"parent":0,"menu_order":0,"comment_status":"closed","ping_status":"closed","template":"","meta":{"_acf_changed":false,"footnotes":""},"class_list":["post-14","page","type-page","status-publish","hentry"],"acf":[],"yoast_head":"<!-- This site is optimized with the Yoast SEO plugin v25.7 - https:\/\/yoast.com\/wordpress\/plugins\/seo\/ -->\n<title>Kontakt - Calogena<\/title>\n<meta name=\"robots\" content=\"index, follow, max-snippet:-1, max-image-preview:large, max-video-preview:-1\" \/>\n<link rel=\"canonical\" href=\"https:\/\/www.calogena.com\/se\/kontakta\/\" \/>\n<meta property=\"og:locale\" content=\"sv_SE\" \/>\n<meta property=\"og:type\" content=\"article\" \/>\n<meta property=\"og:title\" content=\"Kontakt - Calogena\" \/>\n<meta property=\"og:url\" content=\"https:\/\/www.calogena.com\/se\/kontakta\/\" \/>\n<meta property=\"og:site_name\" content=\"Calogena\" \/>\n<meta property=\"article:modified_time\" content=\"2025-09-16T13:41:37+00:00\" \/>\n<meta name=\"twitter:card\" content=\"summary_large_image\" \/>\n<meta name=\"twitter:label1\" content=\"Ber\u00e4knad l\u00e4stid\" \/>\n\t<meta name=\"twitter:data1\" content=\"1 minut\" \/>\n<script type=\"application\/ld+json\" class=\"yoast-schema-graph\">{\"@context\":\"https:\/\/schema.org\",\"@graph\":[{\"@type\":\"WebPage\",\"@id\":\"https:\/\/www.calogena.com\/se\/kontakta\/\",\"url\":\"https:\/\/www.calogena.com\/se\/kontakta\/\",\"name\":\"Kontakt - Calogena\",\"isPartOf\":{\"@id\":\"https:\/\/www.calogena.com\/se\/#website\"},\"datePublished\":\"2025-04-29T12:12:50+00:00\",\"dateModified\":\"2025-09-16T13:41:37+00:00\",\"breadcrumb\":{\"@id\":\"https:\/\/www.calogena.com\/se\/kontakta\/#breadcrumb\"},\"inLanguage\":\"sv-SE\",\"potentialAction\":[{\"@type\":\"ReadAction\",\"target\":[\"https:\/\/www.calogena.com\/se\/kontakta\/\"]}]},{\"@type\":\"BreadcrumbList\",\"@id\":\"https:\/\/www.calogena.com\/se\/kontakta\/#breadcrumb\",\"itemListElement\":[{\"@type\":\"ListItem\",\"position\":1,\"name\":\"Accueil\",\"item\":\"https:\/\/www.calogena.com\/se\/\"},{\"@type\":\"ListItem\",\"position\":2,\"name\":\"Kontakt\"}]},{\"@type\":\"WebSite\",\"@id\":\"https:\/\/www.calogena.com\/se\/#website\",\"url\":\"https:\/\/www.calogena.com\/se\/\",\"name\":\"Calogena\",\"description\":\"\",\"potentialAction\":[{\"@type\":\"SearchAction\",\"target\":{\"@type\":\"EntryPoint\",\"urlTemplate\":\"https:\/\/www.calogena.com\/se\/?s={search_term_string}\"},\"query-input\":{\"@type\":\"PropertyValueSpecification\",\"valueRequired\":true,\"valueName\":\"search_term_string\"}}],\"inLanguage\":\"sv-SE\"}]}<\/script>\n<!-- \/ Yoast SEO plugin. -->","yoast_head_json":{"title":"Kontakt - Calogena","robots":{"index":"index","follow":"follow","max-snippet":"max-snippet:-1","max-image-preview":"max-image-preview:large","max-video-preview":"max-video-preview:-1"},"canonical":"https:\/\/www.calogena.com\/se\/kontakta\/","og_locale":"sv_SE","og_type":"article","og_title":"Kontakt - Calogena","og_url":"https:\/\/www.calogena.com\/se\/kontakta\/","og_site_name":"Calogena","article_modified_time":"2025-09-16T13:41:37+00:00","twitter_card":"summary_large_image","twitter_misc":{"Ber\u00e4knad l\u00e4stid":"1 minut"},"schema":{"@context":"https:\/\/schema.org","@graph":[{"@type":"WebPage","@id":"https:\/\/www.calogena.com\/se\/kontakta\/","url":"https:\/\/www.calogena.com\/se\/kontakta\/","name":"Kontakt - Calogena","isPartOf":{"@id":"https:\/\/www.calogena.com\/se\/#website"},"datePublished":"2025-04-29T12:12:50+00:00","dateModified":"2025-09-16T13:41:37+00:00","breadcrumb":{"@id":"https:\/\/www.calogena.com\/se\/kontakta\/#breadcrumb"},"inLanguage":"sv-SE","potentialAction":[{"@type":"ReadAction","target":["https:\/\/www.calogena.com\/se\/kontakta\/"]}]},{"@type":"BreadcrumbList","@id":"https:\/\/www.calogena.com\/se\/kontakta\/#breadcrumb","itemListElement":[{"@type":"ListItem","position":1,"name":"Accueil","item":"https:\/\/www.calogena.com\/se\/"},{"@type":"ListItem","position":2,"name":"Kontakt"}]},{"@type":"WebSite","@id":"https:\/\/www.calogena.com\/se\/#website","url":"https:\/\/www.calogena.com\/se\/","name":"Calogena","description":"","potentialAction":[{"@type":"SearchAction","target":{"@type":"EntryPoint","urlTemplate":"https:\/\/www.calogena.com\/se\/?s={search_term_string}"},"query-input":{"@type":"PropertyValueSpecification","valueRequired":true,"valueName":"search_term_string"}}],"inLanguage":"sv-SE"}]}},"_links":{"self":[{"href":"https:\/\/www.calogena.com\/se\/wp-json\/wp\/v2\/pages\/14","targetHints":{"allow":["GET"]}}],"collection":[{"href":"https:\/\/www.calogena.com\/se\/wp-json\/wp\/v2\/pages"}],"about":[{"href":"https:\/\/www.calogena.com\/se\/wp-json\/wp\/v2\/types\/page"}],"author":[{"embeddable":true,"href":"https:\/\/www.calogena.com\/se\/wp-json\/wp\/v2\/users\/5"}],"replies":[{"embeddable":true,"href":"https:\/\/www.calogena.com\/se\/wp-json\/wp\/v2\/comments?post=14"}],"version-history":[{"count":2,"href":"https:\/\/www.calogena.com\/se\/wp-json\/wp\/v2\/pages\/14\/revisions"}],"predecessor-version":[{"id":213,"href":"https:\/\/www.calogena.com\/se\/wp-json\/wp\/v2\/pages\/14\/revisions\/213"}],"wp:attachment":[{"href":"https:\/\/www.calogena.com\/se\/wp-json\/wp\/v2\/media?parent=14"}],"curies":[{"name":"wp","href":"https:\/\/api.w.org\/{rel}","templated":true}]}}