{"id":9,"date":"2025-04-29T11:56:12","date_gmt":"2025-04-29T09:56:12","guid":{"rendered":"https:\/\/www.calogena.com\/fi\/?page_id=9"},"modified":"2025-04-29T13:41:57","modified_gmt":"2025-04-29T11:41:57","slug":"ota-yhteytta","status":"publish","type":"page","link":"https:\/\/www.calogena.com\/fi\/ota-yhteytta\/","title":{"rendered":"Ota yhteytt\u00e4"},"content":{"rendered":"<section class=\"block-hero-edito\">\n  <div class=\"headlines container\">\n            <div class=\"container\">\n    <div class=\"row\">\n      <div class=\"col-12 px-25 px-md-35\">\n        <nav class=\"breadcrumb\" vocab=\"https:\/\/schema.org\/\" typeof=\"BreadcrumbList\">\n          <!-- Breadcrumb NavXT 7.4.1 -->\n<span property=\"itemListElement\" typeof=\"ListItem\"><a property=\"item\" typeof=\"WebPage\" title=\"Go to Calogena.\" href=\"https:\/\/www.calogena.com\/fi\" class=\"home\" ><span property=\"name\">Calogena<\/span><\/a><meta property=\"position\" content=\"1\"><\/span><span property=\"itemListElement\" typeof=\"ListItem\"><a property=\"item\" typeof=\"WebPage\" title=\"Go to Lehdist\u00f6tiedotteet.\" href=\"https:\/\/www.calogena.com\/fi\/lehdistotiedotteet\/\" class=\"post-root post post-post\" aria-current=\"page\"><span property=\"name\">Lehdist\u00f6tiedotteet<\/span><\/a><meta property=\"position\" content=\"2\"><\/span>\n        <\/nav>\n      <\/div>\n    <\/div>\n  <\/div>\n        <div class=\"row\">\n      <div class=\"col-12 p-25 p-md-35\">\n        <h1 class=\"title\">\n            <span class=\"text\">\n    Ota yhteytt\u00e4\n  <\/span>\n                  <\/h1>\n\n      <\/div>\n    <\/div>\n  <\/div>\n<\/section>\n\n\n\n\n<div class=\"container\"><div class=\"px-25 px-md-35\">\n<div class=\"wp-block-contact-form-7-contact-form-selector\">\n<div class=\"wpcf7 no-js\" id=\"wpcf7-f12-o1\" lang=\"fi\" dir=\"ltr\" data-wpcf7-id=\"12\">\n<div class=\"screen-reader-response\"><p role=\"status\" aria-live=\"polite\" aria-atomic=\"true\"><\/p> <ul><\/ul><\/div>\n<form action=\"\/fi\/wp-json\/wp\/v2\/pages\/9#wpcf7-f12-o1\" method=\"post\" class=\"wpcf7-form init\" aria-label=\"Yhteydenottolomake\" enctype=\"multipart\/form-data\" novalidate=\"novalidate\" data-status=\"init\">\n<fieldset class=\"hidden-fields-container\"><input type=\"hidden\" name=\"_wpcf7\" value=\"12\" \/><input type=\"hidden\" name=\"_wpcf7_version\" value=\"6.1.1\" \/><input type=\"hidden\" name=\"_wpcf7_locale\" value=\"fi\" \/><input type=\"hidden\" name=\"_wpcf7_unit_tag\" value=\"wpcf7-f12-o1\" \/><input type=\"hidden\" name=\"_wpcf7_container_post\" value=\"0\" \/><input type=\"hidden\" name=\"_wpcf7_posted_data_hash\" value=\"\" \/>\n<\/fieldset>\n<div class=\"row\">\n\t<div class=\"col-12 col-md-6 col-lg-5\"><p class=\"required-help\"><span>*<\/span> Pakolliset kent\u00e4t<\/p><\/div>\n<\/div>\n<div class=\"row pt-10\">\n\t<div class=\"col-12 col-md-6 col-lg-5\">\n        <div class=\"wpcf7-form-control-wrap form-group\" data-name=\"lastname\">\n          <label class=\"form-label\" for=\"lastname\">\n            Sukunimi <span>*<\/span>\n          <\/label>\n          <input size=\"40\" class=\"wpcf7-form-control wpcf7-text wpcf7-validates-as-required form-control\" id=\"lastname\" autocomplete=\"given-name\" aria-required=\"true\" aria-invalid=\"false\" value=\"\" type=\"text\" name=\"lastname\">\n          \n        <\/div>\n      <\/div>\n\t<div class=\"col-12 col-md-6 col-lg-5\">\n        <div class=\"wpcf7-form-control-wrap form-group\" data-name=\"firstname\">\n          <label class=\"form-label\" for=\"firstname\">\n            Etunimi <span>*<\/span>\n          <\/label>\n          <input size=\"40\" class=\"wpcf7-form-control wpcf7-text wpcf7-validates-as-required form-control\" id=\"firstname\" autocomplete=\"family-name\" aria-required=\"true\" aria-invalid=\"false\" value=\"\" type=\"text\" name=\"firstname\">\n          \n        <\/div>\n      <\/div>\n<\/div>\n<div class=\"row pt-20\">\n\t<div class=\"col-12 col-md-12 col-lg-5\">\n        <div class=\"wpcf7-form-control-wrap form-group\" data-name=\"email\">\n          <label class=\"form-label\" for=\"email\">\n            S\u00e4hk\u00f6posti <span>*<\/span>\n          <\/label>\n          <input size=\"40\" class=\"wpcf7-form-control wpcf7-email wpcf7-validates-as-required wpcf7-text wpcf7-validates-as-email form-control\" id=\"email\" autocomplete=\"email\" aria-required=\"true\" aria-invalid=\"false\" value=\"\" type=\"email\" name=\"email\">\n          \n        <\/div>\n      <\/div>\n<\/div>\n<div class=\"row pt-20\">\n\t<div class=\"col-12 col-md-12 col-lg-5\"><div class=\"wpcf7-form-control-wrap form-group\" data-name=\"contactreason\">\n        <label class=\"form-label\" for=\"contactreason\">\n          Yhteydenoton syy \n        <\/label>\n        <select class=\"wpcf7-form-control wpcf7-select form-select\" id=\"contactreason\" aria-invalid=\"false\" name=\"contactreason\">\n          <option value=\"\">---<\/option><option value=\"Lehdist\u00f6\">Lehdist\u00f6<\/option><option value=\"Yleinen yhteydenotto\">Yleinen yhteydenotto<\/option>\n        <\/select>\n        \n      <\/div><\/div>\n<\/div>\n<div class=\"row pt-40\">\n\t<div class=\"col-12 col-md-12 col-lg-7\"><div class=\"wpcf7-form-control-wrap form-group\" data-name=\"message\">\n        <label class=\"form-label\" for=\"message\">\n          Viestisi <span>*<\/span>\n        <\/label>\n        <textarea cols=\"40\" rows=\"10\" class=\"wpcf7-form-control wpcf7-textarea wpcf7-validates-as-required form-control\" id=\"message\" aria-required=\"true\" aria-invalid=\"false\" placeholder=\"Viestisi\" name=\"message\"><\/textarea>\n        \n      <\/div><\/div>\n<\/div>\n<div class=\"row pt-40\">\n\t<div class=\"col-12 col-md-12 col-lg-10\"><div class=\"wpcf7-form-control-wrap form-group form-group--file\" data-name=\"file\">\n        <p class=\"fake-form-label\">Liit\u00e4 tiedosto<\/p>\n        <input size=\"40\" class=\"wpcf7-form-control wpcf7-file form-control\" id=\"file\" accept=\"application\/pdf\" aria-invalid=\"false\" type=\"file\" name=\"file\" \/>\n        <label class=\"form-label\" for=\"file\">\n          <span>Upload <\/span>\n        <\/label>\n        \n      <\/div><\/div>\n<\/div>\n<div class=\"row pt-40\">\n\t<div class=\"col-12 col-md-12 col-lg-10\"><div class=\"wpcf7-form-control-wrap novalidate\" data-name=\"rgpd-acceptance\">\n        <div class=\"wpcf7-form-control wpcf7-acceptance form-check\">\n          <input type=\"checkbox\" name=\"rgpd-acceptance\" value=\"1\" class=\"form-check-input\" id=\"rgpd-acceptance\" aria-invalid=\"false\" \/><label class=\"wpcf7-list-item-label form-check-label\" for=\"\">Sallin Calogenan ker\u00e4t\u00e4 ja k\u00e4ytt\u00e4\u00e4 henkil\u00f6tietojani k\u00e4ytt\u00f6ehtojen ja tietosuojak\u00e4yt\u00e4nn\u00f6n mukaisesti vastatakseen viestiini ja k\u00e4sitell\u00e4kseen ty\u00f6hakemukseni. * Tietojani voidaan k\u00e4ytt\u00e4\u00e4 my\u00f6s valinnaisten asetusten mukaisesti kohdennettuihin tarkoituksiin. Sinulla on oikeus tarkastella ja oikaista henkil\u00f6tietojasi sek\u00e4 pyyt\u00e4\u00e4 niiden poistamista lain sallimissa rajoissa. Voit my\u00f6s milloin tahansa muuttaa kohdentamiseen liittyvi\u00e4 valintojasi. Lue lis\u00e4\u00e4 tietosuojak\u00e4yt\u00e4nn\u00f6st\u00e4mme.a<\/label>\n        <\/div>\n        \n      <\/div><\/div>\n<\/div>\n<div class=\"row pt-60\">\n\t<div class=\"col-12 col-md-12 col-lg-10\"><button class=\"wpcf7-form-control wpcf7-submit has-spinner btn btn-info\" type=\"submit\" \/>Vahvista<\/button><\/div>\n<\/div><div class=\"wpcf7-response-output\" aria-hidden=\"true\"><\/div>\n<\/form>\n<\/div>\n<\/div>\n<\/div><\/div>","protected":false},"excerpt":{"rendered":"","protected":false},"author":5,"featured_media":0,"parent":0,"menu_order":0,"comment_status":"closed","ping_status":"closed","template":"","meta":{"_acf_changed":false,"footnotes":""},"class_list":["post-9","page","type-page","status-publish","hentry"],"acf":[],"yoast_head":"<!-- This site is optimized with the Yoast SEO plugin v25.7 - https:\/\/yoast.com\/wordpress\/plugins\/seo\/ -->\n<title>Ota yhteytt\u00e4 - Calogena<\/title>\n<meta name=\"robots\" content=\"index, follow, max-snippet:-1, max-image-preview:large, max-video-preview:-1\" \/>\n<link rel=\"canonical\" href=\"https:\/\/www.calogena.com\/fi\/ota-yhteytta\/\" \/>\n<meta property=\"og:locale\" content=\"fi_FI\" \/>\n<meta property=\"og:type\" content=\"article\" \/>\n<meta property=\"og:title\" content=\"Ota yhteytt\u00e4 - Calogena\" \/>\n<meta property=\"og:url\" content=\"https:\/\/www.calogena.com\/fi\/ota-yhteytta\/\" \/>\n<meta property=\"og:site_name\" content=\"Calogena\" \/>\n<meta property=\"article:modified_time\" content=\"2025-04-29T11:41:57+00:00\" \/>\n<meta name=\"twitter:card\" content=\"summary_large_image\" \/>\n<meta name=\"twitter:label1\" content=\"Arvioitu lukuaika\" \/>\n\t<meta name=\"twitter:data1\" content=\"1 minuutti\" \/>\n<script type=\"application\/ld+json\" class=\"yoast-schema-graph\">{\"@context\":\"https:\/\/schema.org\",\"@graph\":[{\"@type\":\"WebPage\",\"@id\":\"https:\/\/www.calogena.com\/fi\/ota-yhteytta\/\",\"url\":\"https:\/\/www.calogena.com\/fi\/ota-yhteytta\/\",\"name\":\"Ota yhteytt\u00e4 - Calogena\",\"isPartOf\":{\"@id\":\"https:\/\/www.calogena.com\/fi\/#website\"},\"datePublished\":\"2025-04-29T09:56:12+00:00\",\"dateModified\":\"2025-04-29T11:41:57+00:00\",\"breadcrumb\":{\"@id\":\"https:\/\/www.calogena.com\/fi\/ota-yhteytta\/#breadcrumb\"},\"inLanguage\":\"fi\",\"potentialAction\":[{\"@type\":\"ReadAction\",\"target\":[\"https:\/\/www.calogena.com\/fi\/ota-yhteytta\/\"]}]},{\"@type\":\"BreadcrumbList\",\"@id\":\"https:\/\/www.calogena.com\/fi\/ota-yhteytta\/#breadcrumb\",\"itemListElement\":[{\"@type\":\"ListItem\",\"position\":1,\"name\":\"Accueil\",\"item\":\"https:\/\/www.calogena.com\/fi\/\"},{\"@type\":\"ListItem\",\"position\":2,\"name\":\"Ota yhteytt\u00e4\"}]},{\"@type\":\"WebSite\",\"@id\":\"https:\/\/www.calogena.com\/fi\/#website\",\"url\":\"https:\/\/www.calogena.com\/fi\/\",\"name\":\"Calogena\",\"description\":\"\",\"potentialAction\":[{\"@type\":\"SearchAction\",\"target\":{\"@type\":\"EntryPoint\",\"urlTemplate\":\"https:\/\/www.calogena.com\/fi\/?s={search_term_string}\"},\"query-input\":{\"@type\":\"PropertyValueSpecification\",\"valueRequired\":true,\"valueName\":\"search_term_string\"}}],\"inLanguage\":\"fi\"}]}<\/script>\n<!-- \/ Yoast SEO plugin. -->","yoast_head_json":{"title":"Ota yhteytt\u00e4 - Calogena","robots":{"index":"index","follow":"follow","max-snippet":"max-snippet:-1","max-image-preview":"max-image-preview:large","max-video-preview":"max-video-preview:-1"},"canonical":"https:\/\/www.calogena.com\/fi\/ota-yhteytta\/","og_locale":"fi_FI","og_type":"article","og_title":"Ota yhteytt\u00e4 - Calogena","og_url":"https:\/\/www.calogena.com\/fi\/ota-yhteytta\/","og_site_name":"Calogena","article_modified_time":"2025-04-29T11:41:57+00:00","twitter_card":"summary_large_image","twitter_misc":{"Arvioitu lukuaika":"1 minuutti"},"schema":{"@context":"https:\/\/schema.org","@graph":[{"@type":"WebPage","@id":"https:\/\/www.calogena.com\/fi\/ota-yhteytta\/","url":"https:\/\/www.calogena.com\/fi\/ota-yhteytta\/","name":"Ota yhteytt\u00e4 - Calogena","isPartOf":{"@id":"https:\/\/www.calogena.com\/fi\/#website"},"datePublished":"2025-04-29T09:56:12+00:00","dateModified":"2025-04-29T11:41:57+00:00","breadcrumb":{"@id":"https:\/\/www.calogena.com\/fi\/ota-yhteytta\/#breadcrumb"},"inLanguage":"fi","potentialAction":[{"@type":"ReadAction","target":["https:\/\/www.calogena.com\/fi\/ota-yhteytta\/"]}]},{"@type":"BreadcrumbList","@id":"https:\/\/www.calogena.com\/fi\/ota-yhteytta\/#breadcrumb","itemListElement":[{"@type":"ListItem","position":1,"name":"Accueil","item":"https:\/\/www.calogena.com\/fi\/"},{"@type":"ListItem","position":2,"name":"Ota yhteytt\u00e4"}]},{"@type":"WebSite","@id":"https:\/\/www.calogena.com\/fi\/#website","url":"https:\/\/www.calogena.com\/fi\/","name":"Calogena","description":"","potentialAction":[{"@type":"SearchAction","target":{"@type":"EntryPoint","urlTemplate":"https:\/\/www.calogena.com\/fi\/?s={search_term_string}"},"query-input":{"@type":"PropertyValueSpecification","valueRequired":true,"valueName":"search_term_string"}}],"inLanguage":"fi"}]}},"_links":{"self":[{"href":"https:\/\/www.calogena.com\/fi\/wp-json\/wp\/v2\/pages\/9","targetHints":{"allow":["GET"]}}],"collection":[{"href":"https:\/\/www.calogena.com\/fi\/wp-json\/wp\/v2\/pages"}],"about":[{"href":"https:\/\/www.calogena.com\/fi\/wp-json\/wp\/v2\/types\/page"}],"author":[{"embeddable":true,"href":"https:\/\/www.calogena.com\/fi\/wp-json\/wp\/v2\/users\/5"}],"replies":[{"embeddable":true,"href":"https:\/\/www.calogena.com\/fi\/wp-json\/wp\/v2\/comments?post=9"}],"version-history":[{"count":3,"href":"https:\/\/www.calogena.com\/fi\/wp-json\/wp\/v2\/pages\/9\/revisions"}],"predecessor-version":[{"id":26,"href":"https:\/\/www.calogena.com\/fi\/wp-json\/wp\/v2\/pages\/9\/revisions\/26"}],"wp:attachment":[{"href":"https:\/\/www.calogena.com\/fi\/wp-json\/wp\/v2\/media?parent=9"}],"curies":[{"name":"wp","href":"https:\/\/api.w.org\/{rel}","templated":true}]}}