{"id":64,"date":"2025-09-09T13:07:06","date_gmt":"2025-09-09T11:07:06","guid":{"rendered":"https:\/\/www.calogena.com\/fi\/?page_id=64"},"modified":"2025-11-25T18:56:05","modified_gmt":"2025-11-25T17:56:05","slug":"kunnianhimomm","status":"publish","type":"page","link":"https:\/\/www.calogena.com\/fi\/kunnianhimomm\/","title":{"rendered":"Tavoitteemme"},"content":{"rendered":"<section class=\"block-hero-edito\">\n  <div class=\"headlines container\">\n            <div class=\"container\">\n    <div class=\"row\">\n      <div class=\"col-12 px-25 px-md-35\">\n        <nav class=\"breadcrumb\" vocab=\"https:\/\/schema.org\/\" typeof=\"BreadcrumbList\">\n          <!-- Breadcrumb NavXT 7.4.1 -->\n<span property=\"itemListElement\" typeof=\"ListItem\"><a property=\"item\" typeof=\"WebPage\" title=\"Go to Calogena.\" href=\"https:\/\/www.calogena.com\/fi\" class=\"home\" ><span property=\"name\">Calogena<\/span><\/a><meta property=\"position\" content=\"1\"><\/span><span property=\"itemListElement\" typeof=\"ListItem\"><a property=\"item\" typeof=\"WebPage\" title=\"Go to Lehdist\u00f6tiedotteet.\" href=\"https:\/\/www.calogena.com\/fi\/lehdistotiedotteet\/\" class=\"post-root post post-post\" aria-current=\"page\"><span property=\"name\">Lehdist\u00f6tiedotteet<\/span><\/a><meta property=\"position\" content=\"2\"><\/span>\n        <\/nav>\n      <\/div>\n    <\/div>\n  <\/div>\n        <div class=\"row\">\n      <div class=\"col-12 p-25 p-md-35\">\n        <h1 class=\"title\">\n            <span class=\"text\">\n    Tavoitteemme\n  <\/span>\n            <span class=\"text subtitle\">\n    L\u00c4MMITYSVERKKOJEN HIILIDIOKSIDIP\u00c4\u00c4ST\u00d6JEN V\u00c4HENT\u00c4MINEN: SUURI HAASTE\n  <\/span>\n        <\/h1>\n\n      <\/div>\n    <\/div>\n  <\/div>\n<\/section>\n\n\n\n\n\n                \n  <section class=\"block-citation-texte \">\n    <div class=\"container\">\n      <div class=\"row row-separator \">\n\n        <div class=\"col-12 col-lg-5 align-self-center order-1\">\n          <div class=\"px-25 px-md-35\" data-aos=\"fade-down\">\n                <div class=\"field-image mb-25 col-image\">\n    <figure class=\"field-image--figure\">\n      <img loading=\"lazy\" decoding=\"async\" src=\"https:\/\/www.calogena.com\/fi\/wp-content\/uploads\/sites\/3\/2025\/09\/admin-ajax.webp\" \n        class=\"img-fluid field-image--img\"\n         alt=\"Ic\u00f4ne d'illustration\"         title=\"admin-ajax\"         width=\"600\"         height=\"400\"         srcset=\"\"\t\t\n         sizes=\"auto, (max-width: 600px) 100vw, 600px\"      \/>\n    \t\n    <\/figure>    \n  <\/div>\n\n            <figure >\n                <blockquote class=\"text m-0 text-primary blockquote\">\n    <p>Nyky\u00e4\u00e4n 93 % kaukol\u00e4mp\u00f6verkkojen l\u00e4mm\u00f6ntuotannosta perustuu polttamiseen<\/p>\n\n  <\/blockquote>\n\n                          <\/figure>\n          <\/div>        \n        <\/div>\n\n      <div class=\"col-12 col-lg-7 align-self-center  order-2\">\n          <div class=\"px-25 px-md-35 pb-30 py-lg-30\" data-aos=\"fade-up\">\n\n                <div class=\"field-image \">\n    <figure class=\"field-image--figure\">\n      <img loading=\"lazy\" decoding=\"async\" src=\"https:\/\/www.calogena.com\/fi\/wp-content\/themes\/calogena\/img\/icons\/black-points.svg\" \n        class=\"img-fluid field-image--img\"\n         alt=\"Ic\u00f4ne d'illustration\"                 width=\"42\"         height=\"51\"        \t\t\n         sizes=\"auto, (max-width: 42px) 100vw, 42px\"      \/>\n    \t\n    <\/figure>    \n  <\/div>\n              <h2 class=\"text titre-xxxl-cap pt-15 m-0\">\n    NYKYMUOTOINEN L\u00c4MM\u00d6NTUOTANTO ON ENERGIASY\u00d6PP\u00d6 JA P\u00c4\u00c4ST\u00d6VALTAINEN SEKTORI \n  <\/h2>\n                          <div class=\"text texte-contenu pt-15 post-content-wysiwyg\">\n    <p>L\u00e4mm\u00f6ntuotannon osuus Euroopan energiankulutuksesta on 40 %. Siit\u00e4 l\u00e4hes 70 % tuotetaan fossiilisilla polttoaineilla, erityisesti kaasulla, hiilell\u00e4 ja poltto\u00f6ljyll\u00e4.<\/p>\n<p>Jopa 80 % t\u00e4st\u00e4 l\u00e4mm\u00f6st\u00e4 k\u00e4ytet\u00e4\u00e4n l\u00e4mmitykseen sek\u00e4 k\u00e4ytt\u00f6veden l\u00e4mmitt\u00e4miseen. Energiasiirtym\u00e4ss\u00e4 keskeisi\u00e4 ratkaisuja kulutuksen v\u00e4hent\u00e4misen ohella ovat l\u00e4mp\u00f6pumput ja kaukol\u00e4mp\u00f6verkot.<\/p>\n<p>Calogena tukee EU:n kasvihuonekaasup\u00e4\u00e4st\u00f6jen v\u00e4hent\u00e4mistavoitteiden saavuttamista Heat Roadmap Europe -suunnitelman mukaisesti.<\/p>\n\n  <\/div>\n            \n          <\/div>\n        <\/div>\n\n\n      <\/div>\n    <\/div>\n  <\/section>\n\n\n\n\n  <section class=\"block-picto-arguments\">\n    <div class=\"container\">\n\n      <div class=\"px-25 px-md-35\">\n        <div class=\"row\">\n          <div class=\"col-12\">\n    \n                  <div class=\"field-image \">\n    <figure class=\"field-image--figure\">\n      <img loading=\"lazy\" decoding=\"async\" src=\"https:\/\/www.calogena.com\/fi\/wp-content\/themes\/calogena\/img\/icons\/black-points.svg\" \n        class=\"img-fluid field-image--img\"\n         alt=\"Ic\u00f4ne d'illustration\"                 width=\"42\"         height=\"51\"        \t\t\n         sizes=\"auto, (max-width: 42px) 100vw, 42px\"      \/>\n    \t\n    <\/figure>    \n  <\/div>\n              \n                <h2 class=\"text title\">\n    Tavoitteemme\n  <\/h2>\n\n          <\/div>\n        <\/div>\n      <\/div>\n      \n\n              <div class=\"px-10 px-md-20\">\n          <div class=\"row justify-content-center \">\n                                      <div class=\"col-12 col-sm-12 col-md-6 col-lg-4 col-xl-3 p-15\" data-aos=\"fade-right\" data-aos-delay=\"0\" data-aos-once=\"true\">\n                <div class=\"row h-100\">   \n\n                    <div class=\"col-12 col-image d-flex justify-content-center align-items-center\">\n\n                      \n                                                <div class=\"text text-before-image\">\n    40%\n  <\/div>\n                                            \n                                                  <div class=\"field-image\">\n    <figure class=\"field-image--figure\">\n      <img loading=\"lazy\" decoding=\"async\" src=\"https:\/\/www.calogena.com\/fi\/wp-content\/uploads\/sites\/3\/2025\/09\/picto-chaleur.png\" \n        class=\"img-fluid field-image--img\"\n         alt=\"Ic\u00f4ne d'illustration\"         title=\"picto-l\u00e4mp\u00f6\"         width=\"71\"         height=\"59\"         srcset=\"\"\t\t\n         sizes=\"auto, (max-width: 71px) 100vw, 71px\"      \/>\n    \t\n    <\/figure>    \n  <\/div>\n                                        \n\n                                        \n\n                    <\/div>\n                    <div class=\"col-12 col-text mt-auto\"> \n\n                                                <div class=\"text text-after-image\">\n    <p>Kulutetusta energiasta on l\u00e4mp\u00f6\u00e4 l\u00e4mm\u00f6ntuotanto<\/p>\n\n  <\/div>\n                        \n\n                      <div class=\"title pb-15\">\n                          <h3 class=\"text title\">\n    l\u00e4mm\u00f6ntuotanto\n  <\/h3>\n                           \n                      <\/div>\n\n                      \n                    <\/div>\n            \n\n                <\/div>\n              <\/div>\n                                        <div class=\"col-12 col-sm-12 col-md-6 col-lg-4 col-xl-3 p-15\" data-aos=\"fade-right\" data-aos-delay=\"500\" data-aos-once=\"true\">\n                <div class=\"row h-100\">   \n\n                    <div class=\"col-12 col-image d-flex justify-content-center align-items-center\">\n\n                      \n                                                <div class=\"text text-before-image\">\n    80%\n  <\/div>\n                                            \n                                                  <div class=\"field-image\">\n    <figure class=\"field-image--figure\">\n      <img loading=\"lazy\" decoding=\"async\" src=\"https:\/\/www.calogena.com\/fi\/wp-content\/uploads\/sites\/3\/2025\/09\/un-besoin-essentiel.png\" \n        class=\"img-fluid field-image--img\"\n         alt=\"Ic\u00f4ne d'illustration\"         title=\"v\u00e4ltt\u00e4m\u00e4t\u00f6n tarve\"         width=\"49\"         height=\"60\"         srcset=\"\"\t\t\n         sizes=\"auto, (max-width: 49px) 100vw, 49px\"      \/>\n    \t\n    <\/figure>    \n  <\/div>\n                                        \n\n                                        \n\n                    <\/div>\n                    <div class=\"col-12 col-text mt-auto\"> \n\n                                                <div class=\"text text-after-image\">\n    <p>T\u00e4st\u00e4 l\u00e4mm\u00f6st\u00e4 k\u00e4ytet\u00e4\u00e4n l\u00e4mmitykseen ja k\u00e4ytt\u00f6veden l\u00e4mmitykseen<\/p>\n\n  <\/div>\n                        \n\n                      <div class=\"title pb-15\">\n                          <h3 class=\"text title\">\n    V\u00e4ltt\u00e4m\u00e4t\u00f6n tarve\n  <\/h3>\n                           \n                      <\/div>\n\n                      \n                    <\/div>\n            \n\n                <\/div>\n              <\/div>\n                                        <div class=\"col-12 col-sm-12 col-md-6 col-lg-4 col-xl-3 p-15\" data-aos=\"fade-right\" data-aos-delay=\"1000\" data-aos-once=\"true\">\n                <div class=\"row h-100\">   \n\n                    <div class=\"col-12 col-image d-flex justify-content-center align-items-center\">\n\n                      \n                                                <div class=\"text text-before-image\">\n    x 2\n  <\/div>\n                                            \n                                                  <div class=\"field-image\">\n    <figure class=\"field-image--figure\">\n      <img loading=\"lazy\" decoding=\"async\" src=\"https:\/\/www.calogena.com\/fi\/wp-content\/uploads\/sites\/3\/2025\/09\/immeuble.png\" \n        class=\"img-fluid field-image--img\"\n         alt=\"Ic\u00f4ne d'illustration\"         title=\"rakennus\"         width=\"77\"         height=\"68\"         srcset=\"\"\t\t\n         sizes=\"auto, (max-width: 77px) 100vw, 77px\"      \/>\n    \t\n    <\/figure>    \n  <\/div>\n                                        \n\n                                        \n\n                    <\/div>\n                    <div class=\"col-12 col-text mt-auto\"> \n\n                                                <div class=\"text text-after-image\">\n    <p>&nbsp;<\/p>\n<p>Kaukol\u00e4mp\u00f6verkkojen m\u00e4\u00e4r\u00e4n kaksinkertaistaminen tarpeen ratkaisemiseksi<\/p>\n\n  <\/div>\n                        \n\n                      <div class=\"title pb-15\">\n                          <h3 class=\"text title\">\n    Tarpeen kasvaminen\n  <\/h3>\n                           \n                      <\/div>\n\n                      \n                    <\/div>\n            \n\n                <\/div>\n              <\/div>\n                                        <div class=\"col-12 col-sm-12 col-md-6 col-lg-4 col-xl-3 p-15\" data-aos=\"fade-right\" data-aos-delay=\"1500\" data-aos-once=\"true\">\n                <div class=\"row h-100\">   \n\n                    <div class=\"col-12 col-image d-flex justify-content-center align-items-center\">\n\n                      \n                                                <div class=\"text text-before-image\">\n    &lt; 100\u00b0 C\n  <\/div>\n                                            \n                                                  <div class=\"field-image\">\n    <figure class=\"field-image--figure\">\n      <img loading=\"lazy\" decoding=\"async\" src=\"https:\/\/www.calogena.com\/fi\/wp-content\/uploads\/sites\/3\/2025\/09\/atome.png\" \n        class=\"img-fluid field-image--img\"\n         alt=\"Ic\u00f4ne d'illustration\"         title=\"atomi\"         width=\"57\"         height=\"60\"         srcset=\"\"\t\t\n         sizes=\"auto, (max-width: 57px) 100vw, 57px\"      \/>\n    \t\n    <\/figure>    \n  <\/div>\n                                        \n\n                                        \n\n                    <\/div>\n                    <div class=\"col-12 col-text mt-auto\"> \n\n                                                <div class=\"text text-after-image\">\n    <p>Yksinkertainen ydinvoimaratkaisu riitt\u00e4\u00e4 vastaamaan t\u00e4h\u00e4n tarpeeseen<\/p>\n\n  <\/div>\n                        \n\n                      <div class=\"title pb-15\">\n                          <h3 class=\"text title\">\n    Ratkaisumme\n  <\/h3>\n                           \n                      <\/div>\n\n                      \n                    <\/div>\n            \n\n                <\/div>\n              <\/div>\n                                    <\/div>\n        <\/div>\n      \n    \n    <\/div>\n  <\/section>\n\n\n\n    \n  \n  <section class=\"block-text-image-video\" style=\"background-color:#ffffff;\">\n    <div class=\"container\">\n      <div class=\"row\">\n\n        <div class=\"col-12 col-lg-5 align-self-center order-1 order-lg-1\">\n          <div class=\"col-text px-25 px-md-35\" data-aos=\"fade-up\" data-aos-once=\"true\">\n                <div class=\"field-image \">\n    <figure class=\"field-image--figure\">\n      <img loading=\"lazy\" decoding=\"async\" src=\"https:\/\/www.calogena.com\/fi\/wp-content\/themes\/calogena\/img\/icons\/black-points.svg\" \n        class=\"img-fluid field-image--img\"\n         alt=\"Ic\u00f4ne d'illustration\"                 width=\"42\"         height=\"51\"        \t\t\n         sizes=\"auto, (max-width: 42px) 100vw, 42px\"      \/>\n    \t\n    <\/figure>    \n  <\/div>\n              <h2 class=\"text titre-xxxl-cap pt-15 m-0 animated-text\">\n    KAUKOL\u00c4MP\u00d6VERKKOJEN KAPASITEETTI EUROOPASSA TULISI YLI KAKSINKERTAISTAA VUOTEEN 2050 MENNESS\u00c4\n  <\/h2>\n\n                          <div class=\"text texte-contenu pt-15 post-content-wysiwyg\">\n    <p>Kaukol\u00e4mp\u00f6verkkojen kehitt\u00e4minen tarjoaa mahdollisuuden l\u00e4mm\u00f6ntuotannon p\u00e4\u00e4st\u00f6jen v\u00e4hent\u00e4miseen. Alueilla, joilla on riitt\u00e4v\u00e4 asukastiheys, kaikista tehokkain tapa tuottaa v\u00e4h\u00e4hiilist\u00e4 l\u00e4mp\u00f6\u00e4 on hy\u00f6dynt\u00e4\u00e4 kaukol\u00e4mp\u00f6verkkoja.<\/p>\n<p>T\u00e4ll\u00e4 hetkell\u00e4 60\u202f% Euroopan kaukol\u00e4mm\u00f6st\u00e4 tuotetaan fossiilisilla polttoaineilla ja 95\u202f% polttoon perustuvilla menetelmill\u00e4. Jotta ilmastotavoitteet voidaan saavuttaa vuoteen 2050 menness\u00e4, hiilivapaan kaukol\u00e4mm\u00f6n osuuden tulee kasvaa merkitt\u00e4v\u00e4sti. <a href=\"https:\/\/heatroadmap.eu\/\">Heat Roadmap Europe<\/a> ennustaa t\u00e4m\u00e4n osuuden nousevan nykyisest\u00e4 13 prosentista yli 45 prosenttiin vuoteen 2050 menness\u00e4.<\/p>\n\n  <\/div>\n                      <\/div>\n        <\/div>\n\n        <div class=\"col-12 col-lg-7 order-2 order-lg-2\">\n          <div class=\"col-medias px-25 px-md-35 pt-30 py-lg-30\" >\n                          <div class=\"col-image position-relative\" data-aos=\"fade-down\" data-aos-once=\"true\">\n                    <div class=\"field-image mb-0\">\n    <figure class=\"field-image--figure\">\n      <img loading=\"lazy\" decoding=\"async\" src=\"https:\/\/www.calogena.com\/fi\/wp-content\/uploads\/sites\/3\/2025\/09\/hre-large-2.png\" \n        class=\"img-fluid field-image--img\"\n         alt=\"Ic\u00f4ne d'illustration\"         title=\"hre-large-2\"         width=\"907\"         height=\"249\"         srcset=\"\"\t\t\n         sizes=\"auto, (max-width: 907px) 100vw, 907px\"      \/>\n    \t\n    <\/figure>    \n  <\/div>\n              <\/div>\n                      <\/div>\n        <\/div>\n\n      <\/div>\n    <\/div>\n  <\/section>\n\n\n\n    \n  \n  <section class=\"block-text-image-video\" style=\"background-color:#ffffff;\">\n    <div class=\"container\">\n      <div class=\"row\">\n\n        <div class=\"col-12 col-lg-5 align-self-center order-1 order-lg-2\">\n          <div class=\"col-text px-25 px-md-35\" data-aos=\"fade-up\" data-aos-once=\"true\">\n                <div class=\"field-image \">\n    <figure class=\"field-image--figure\">\n      <img loading=\"lazy\" decoding=\"async\" src=\"https:\/\/www.calogena.com\/fi\/wp-content\/themes\/calogena\/img\/icons\/black-points.svg\" \n        class=\"img-fluid field-image--img\"\n         alt=\"Ic\u00f4ne d'illustration\"                 width=\"42\"         height=\"51\"        \t\t\n         sizes=\"auto, (max-width: 42px) 100vw, 42px\"      \/>\n    \t\n    <\/figure>    \n  <\/div>\n              <h2 class=\"text titre-xxxl-cap pt-15 m-0 animated-text\">\n    YDINVOIMA ON V\u00c4LTT\u00c4M\u00c4T\u00d6N OSA KAUKOL\u00c4MM\u00d6N HIILIP\u00c4\u00c4ST\u00d6JEN V\u00c4HENT\u00c4MIST\u00c4\n  <\/h2>\n\n                          <div class=\"text texte-contenu pt-15 post-content-wysiwyg\">\n    <p>Suurin osa v\u00e4h\u00e4p\u00e4\u00e4st\u00f6isist\u00e4 l\u00e4mm\u00f6ntuotannon ratkaisuista perustuu paikallisiin mahdollisuuksiin. Biomassan polttaminen ei ole p\u00e4\u00e4st\u00f6t\u00f6n vaihtoehto eik\u00e4 se ole laajassa mittakaavassa ratkaisu l\u00e4mm\u00f6ntuotannossa.<\/p>\n<p>Polttoon perustuvista energiamuodoista tulee luopua ilmastotavoitteiden saavuttamiseksi. Sen takia ydinvoima on olennainen ratkaisu hiilijalanj\u00e4ljen pienent\u00e4miseksi ja l\u00e4mm\u00f6ntuotannon hiilineutraaliuden saavuttamiseksi.<\/p>\n<p>Calogena-hanke tarjoaa ratkaisun laajamittaiseen kaukol\u00e4mp\u00f6verkkojen p\u00e4\u00e4st\u00f6jen v\u00e4hent\u00e4miseen ja uusien verkkojen rakentamiseen Euroopassa.<\/p>\n<p>Ydinvoiman hiilijalanj\u00e4lki kaukol\u00e4mm\u00f6ss\u00e4 on ly\u00f6m\u00e4t\u00f6n: vain 2 g CO\u2082\/kWh, kun esimerkiksi kaasulla tuotetussa kaukol\u00e4mm\u00f6ss\u00e4 luku on 230 g CO\u2082\/kWh. Lis\u00e4ksi Calogena-l\u00e4mm\u00f6ntuotantomoduuli ei tuota lainkaan pienhiukkasia eik\u00e4 vaadi p\u00e4ivitt\u00e4ist\u00e4 raskaan liikenteen kuormaa.<\/p>\n\n  <\/div>\n                      <\/div>\n        <\/div>\n\n        <div class=\"col-12 col-lg-7 order-2 order-lg-1\">\n          <div class=\"col-medias px-25 px-md-35 pt-30 py-lg-30\" >\n                          <div class=\"col-image position-relative\" data-aos=\"fade-down\" data-aos-once=\"true\">\n                    <div class=\"field-image mb-0\">\n    <figure class=\"field-image--figure\">\n      <img loading=\"lazy\" decoding=\"async\" src=\"https:\/\/www.calogena.com\/fi\/wp-content\/uploads\/sites\/3\/2025\/09\/admin-ajax-1.webp\" \n        class=\"img-fluid field-image--img\"\n         alt=\"Ic\u00f4ne d'illustration\"         title=\"depositphotos_326761588-stock-photo-autumn-background-in-the-park\"         width=\"600\"         height=\"400\"         srcset=\"\"\t\t\n         sizes=\"auto, (max-width: 600px) 100vw, 600px\"      \/>\n    \t\n    <\/figure>    \n  <\/div>\n              <\/div>\n                      <\/div>\n        <\/div>\n\n      <\/div>\n    <\/div>\n  <\/section>\n\n\n  \n<section class=\"block-baseline-cta px-25 py-md-40\" style=\"background-color:#ffffff;\">\n\t<div class=\"headlines container\">\n\t\t  <p class=\"text baseline titre-s text-center text-uppercase p-30\">\n    Ydinl\u00e4mmitys on v\u00e4h\u00e4p\u00e4\u00e4st\u00f6isin ratkaisu\n  <\/p>\n\n    <div class=\"d-flex justify-content-center\">\n      \t\t\t\t\t\n\t<div class=\"field-lien\">\n\t\t<a class=\" btn btn-outline-primary text-black btn-lg\" \n\t\t\thref=\"https:\/\/www.calogena.com\/fi\/meidan-ratkaisumme\/\" \n\t\t\ttarget=\"\"\t\t\ttitle=\"Tutustu teknologiaamme\"\n\t\t>\n\t\t\t\t\t\t\t\t\tTutustu teknologiaamme\n\t\t<\/a>\n\t<\/div>\n    \n    <\/div>\n\t<\/div>\n<\/section>\n\n\n<div class=\"container\"><div class=\"px-25 px-md-35\"><div class=\"max-w-editor\">\n<p><\/p>\n<\/div><\/div><\/div>","protected":false},"excerpt":{"rendered":"","protected":false},"author":9,"featured_media":0,"parent":0,"menu_order":0,"comment_status":"closed","ping_status":"closed","template":"","meta":{"_acf_changed":false,"footnotes":""},"class_list":["post-64","page","type-page","status-publish","hentry"],"acf":[],"yoast_head":"<!-- This site is optimized with the Yoast SEO plugin v25.7 - https:\/\/yoast.com\/wordpress\/plugins\/seo\/ -->\n<title>Tavoitteemme - Calogena<\/title>\n<meta name=\"robots\" content=\"index, follow, max-snippet:-1, max-image-preview:large, max-video-preview:-1\" \/>\n<link rel=\"canonical\" href=\"https:\/\/www.calogena.com\/fi\/kunnianhimomm\/\" \/>\n<meta property=\"og:locale\" content=\"fi_FI\" \/>\n<meta property=\"og:type\" content=\"article\" \/>\n<meta property=\"og:title\" content=\"Tavoitteemme - Calogena\" \/>\n<meta property=\"og:url\" content=\"https:\/\/www.calogena.com\/fi\/kunnianhimomm\/\" \/>\n<meta property=\"og:site_name\" content=\"Calogena\" \/>\n<meta property=\"article:modified_time\" content=\"2025-11-25T17:56:05+00:00\" \/>\n<meta name=\"twitter:card\" content=\"summary_large_image\" \/>\n<script type=\"application\/ld+json\" class=\"yoast-schema-graph\">{\"@context\":\"https:\/\/schema.org\",\"@graph\":[{\"@type\":\"WebPage\",\"@id\":\"https:\/\/www.calogena.com\/fi\/kunnianhimomm\/\",\"url\":\"https:\/\/www.calogena.com\/fi\/kunnianhimomm\/\",\"name\":\"Tavoitteemme - Calogena\",\"isPartOf\":{\"@id\":\"https:\/\/www.calogena.com\/fi\/#website\"},\"datePublished\":\"2025-09-09T11:07:06+00:00\",\"dateModified\":\"2025-11-25T17:56:05+00:00\",\"breadcrumb\":{\"@id\":\"https:\/\/www.calogena.com\/fi\/kunnianhimomm\/#breadcrumb\"},\"inLanguage\":\"fi\",\"potentialAction\":[{\"@type\":\"ReadAction\",\"target\":[\"https:\/\/www.calogena.com\/fi\/kunnianhimomm\/\"]}]},{\"@type\":\"BreadcrumbList\",\"@id\":\"https:\/\/www.calogena.com\/fi\/kunnianhimomm\/#breadcrumb\",\"itemListElement\":[{\"@type\":\"ListItem\",\"position\":1,\"name\":\"Accueil\",\"item\":\"https:\/\/www.calogena.com\/fi\/\"},{\"@type\":\"ListItem\",\"position\":2,\"name\":\"Tavoitteemme\"}]},{\"@type\":\"WebSite\",\"@id\":\"https:\/\/www.calogena.com\/fi\/#website\",\"url\":\"https:\/\/www.calogena.com\/fi\/\",\"name\":\"Calogena\",\"description\":\"\",\"potentialAction\":[{\"@type\":\"SearchAction\",\"target\":{\"@type\":\"EntryPoint\",\"urlTemplate\":\"https:\/\/www.calogena.com\/fi\/?s={search_term_string}\"},\"query-input\":{\"@type\":\"PropertyValueSpecification\",\"valueRequired\":true,\"valueName\":\"search_term_string\"}}],\"inLanguage\":\"fi\"}]}<\/script>\n<!-- \/ Yoast SEO plugin. -->","yoast_head_json":{"title":"Tavoitteemme - Calogena","robots":{"index":"index","follow":"follow","max-snippet":"max-snippet:-1","max-image-preview":"max-image-preview:large","max-video-preview":"max-video-preview:-1"},"canonical":"https:\/\/www.calogena.com\/fi\/kunnianhimomm\/","og_locale":"fi_FI","og_type":"article","og_title":"Tavoitteemme - Calogena","og_url":"https:\/\/www.calogena.com\/fi\/kunnianhimomm\/","og_site_name":"Calogena","article_modified_time":"2025-11-25T17:56:05+00:00","twitter_card":"summary_large_image","schema":{"@context":"https:\/\/schema.org","@graph":[{"@type":"WebPage","@id":"https:\/\/www.calogena.com\/fi\/kunnianhimomm\/","url":"https:\/\/www.calogena.com\/fi\/kunnianhimomm\/","name":"Tavoitteemme - Calogena","isPartOf":{"@id":"https:\/\/www.calogena.com\/fi\/#website"},"datePublished":"2025-09-09T11:07:06+00:00","dateModified":"2025-11-25T17:56:05+00:00","breadcrumb":{"@id":"https:\/\/www.calogena.com\/fi\/kunnianhimomm\/#breadcrumb"},"inLanguage":"fi","potentialAction":[{"@type":"ReadAction","target":["https:\/\/www.calogena.com\/fi\/kunnianhimomm\/"]}]},{"@type":"BreadcrumbList","@id":"https:\/\/www.calogena.com\/fi\/kunnianhimomm\/#breadcrumb","itemListElement":[{"@type":"ListItem","position":1,"name":"Accueil","item":"https:\/\/www.calogena.com\/fi\/"},{"@type":"ListItem","position":2,"name":"Tavoitteemme"}]},{"@type":"WebSite","@id":"https:\/\/www.calogena.com\/fi\/#website","url":"https:\/\/www.calogena.com\/fi\/","name":"Calogena","description":"","potentialAction":[{"@type":"SearchAction","target":{"@type":"EntryPoint","urlTemplate":"https:\/\/www.calogena.com\/fi\/?s={search_term_string}"},"query-input":{"@type":"PropertyValueSpecification","valueRequired":true,"valueName":"search_term_string"}}],"inLanguage":"fi"}]}},"_links":{"self":[{"href":"https:\/\/www.calogena.com\/fi\/wp-json\/wp\/v2\/pages\/64","targetHints":{"allow":["GET"]}}],"collection":[{"href":"https:\/\/www.calogena.com\/fi\/wp-json\/wp\/v2\/pages"}],"about":[{"href":"https:\/\/www.calogena.com\/fi\/wp-json\/wp\/v2\/types\/page"}],"author":[{"embeddable":true,"href":"https:\/\/www.calogena.com\/fi\/wp-json\/wp\/v2\/users\/9"}],"replies":[{"embeddable":true,"href":"https:\/\/www.calogena.com\/fi\/wp-json\/wp\/v2\/comments?post=64"}],"version-history":[{"count":15,"href":"https:\/\/www.calogena.com\/fi\/wp-json\/wp\/v2\/pages\/64\/revisions"}],"predecessor-version":[{"id":283,"href":"https:\/\/www.calogena.com\/fi\/wp-json\/wp\/v2\/pages\/64\/revisions\/283"}],"wp:attachment":[{"href":"https:\/\/www.calogena.com\/fi\/wp-json\/wp\/v2\/media?parent=64"}],"curies":[{"name":"wp","href":"https:\/\/api.w.org\/{rel}","templated":true}]}}